{"id":7468,"date":"2025-08-03T11:06:37","date_gmt":"2025-08-03T11:06:37","guid":{"rendered":"https:\/\/aramiso-test.verteco.app\/?product=drziak-madla-kotvenie-na-stenu"},"modified":"2025-08-03T11:06:50","modified_gmt":"2025-08-03T11:06:50","slug":"drziak-madla-kotvenie-na-stenu","status":"publish","type":"product","link":"https:\/\/aramiso-test.verteco.app\/?product=drziak-madla-kotvenie-na-stenu","title":{"rendered":"Dr\u017eiak madla &#8211; kotvenie na stenu"},"content":{"rendered":"<p>Dr\u017eiak madla na stenu je kon\u0161truk\u010dn\u00fd prvok, ktor\u00fd sl\u00fa\u017ei na upevnenie madla na stenu. Ide o kruhov\u00fd dr\u017eiak do ktor\u00e9ho je mo\u017en\u00e9 vlo\u017ei\u0165 madlo a pevne ho upevni\u0165 na po\u017eadovanom mieste. Dr\u017eiaky madla na stenu sa pou\u017e\u00edvaj\u00fa v r\u00f4znych aplik\u00e1ci\u00e1ch, \u010di u\u017e interi\u00e9ri alebo exteri\u00e9ri na uchytenie madla k z\u00e1bradliu alebo pri franc\u00fazsk\u00fdch balk\u00f3noch.<\/p>\n","protected":false},"excerpt":{"rendered":"<p>Materi\u00e1l: Nerez AISI 316, Povrchov\u00e1 \u00faprava: Lesk, Madlo: D42,4, D: 50, Phi: 42,4<\/p>\n","protected":false},"featured_media":0,"comment_status":"closed","ping_status":"open","template":"","meta":[],"product_brand":[],"product_cat":[15],"product_tag":[],"class_list":{"0":"post-7468","1":"product","2":"type-product","3":"status-publish","5":"product_cat-uncategorized","7":"first","8":"onbackorder","9":"sale","10":"purchasable","11":"product-type-simple"},"_links":{"self":[{"href":"https:\/\/aramiso-test.verteco.app\/index.php?rest_route=\/wp\/v2\/product\/7468","targetHints":{"allow":["GET"]}}],"collection":[{"href":"https:\/\/aramiso-test.verteco.app\/index.php?rest_route=\/wp\/v2\/product"}],"about":[{"href":"https:\/\/aramiso-test.verteco.app\/index.php?rest_route=\/wp\/v2\/types\/product"}],"replies":[{"embeddable":true,"href":"https:\/\/aramiso-test.verteco.app\/index.php?rest_route=%2Fwp%2Fv2%2Fcomments&post=7468"}],"wp:attachment":[{"href":"https:\/\/aramiso-test.verteco.app\/index.php?rest_route=%2Fwp%2Fv2%2Fmedia&parent=7468"}],"wp:term":[{"taxonomy":"product_brand","embeddable":true,"href":"https:\/\/aramiso-test.verteco.app\/index.php?rest_route=%2Fwp%2Fv2%2Fproduct_brand&post=7468"},{"taxonomy":"product_cat","embeddable":true,"href":"https:\/\/aramiso-test.verteco.app\/index.php?rest_route=%2Fwp%2Fv2%2Fproduct_cat&post=7468"},{"taxonomy":"product_tag","embeddable":true,"href":"https:\/\/aramiso-test.verteco.app\/index.php?rest_route=%2Fwp%2Fv2%2Fproduct_tag&post=7468"}],"curies":[{"name":"wp","href":"https:\/\/api.w.org\/{rel}","templated":true}]}}