{"id":7422,"date":"2025-08-03T11:06:02","date_gmt":"2025-08-03T11:06:02","guid":{"rendered":"https:\/\/aramiso-test.verteco.app\/?product=drziak-vyplne-osovy-nastaviteny-3"},"modified":"2025-08-03T11:06:10","modified_gmt":"2025-08-03T11:06:10","slug":"drziak-vyplne-osovy-nastaviteny-3","status":"publish","type":"product","link":"https:\/\/aramiso-test.verteco.app\/?product=drziak-vyplne-osovy-nastaviteny-3","title":{"rendered":"Dr\u017eiak v\u00fdplne osov\u00fd nastaviten\u00fd"},"content":{"rendered":"<p>Osov\u00fd dr\u017eiak v\u00fdplne je kon\u0161truk\u010dn\u00fd prvok pou\u017e\u00edvan\u00fd na podporu a upevnenie ty\u010dovej v\u00fdplne, ktor\u00e1 je \u010dasto s\u00fa\u010das\u0165ou z\u00e1bradlia, balk\u00f3na, plotu alebo in\u00e9ho podobn\u00e9ho kon\u0161truk\u010dn\u00e9ho prvku. Tento druh dr\u017eiaka umo\u017e\u0148uje nastavenie sklonu a je navrhnut\u00fd tak, aby poskytoval stabiln\u00fa a bezpe\u010dn\u00fa podporu pre ty\u010dov\u00fa v\u00fdpl\u0148. Mont\u00e1\u017e v\u00fdplne je jednoduch\u00e1, pomocou lepidla.<\/p>\n","protected":false},"excerpt":{"rendered":"<p>Materi\u00e1l: Nerez AISI 316, Povrchov\u00e1 \u00faprava: Brus, V\u00fdpl\u0148: d12, St\u013apik: flat, Phi: flat, d: 12<\/p>\n","protected":false},"featured_media":0,"comment_status":"closed","ping_status":"open","template":"","meta":[],"product_brand":[],"product_cat":[15],"product_tag":[],"class_list":{"0":"post-7422","1":"product","2":"type-product","3":"status-publish","5":"product_cat-uncategorized","7":"first","8":"onbackorder","9":"sale","10":"purchasable","11":"product-type-simple"},"_links":{"self":[{"href":"https:\/\/aramiso-test.verteco.app\/index.php?rest_route=\/wp\/v2\/product\/7422","targetHints":{"allow":["GET"]}}],"collection":[{"href":"https:\/\/aramiso-test.verteco.app\/index.php?rest_route=\/wp\/v2\/product"}],"about":[{"href":"https:\/\/aramiso-test.verteco.app\/index.php?rest_route=\/wp\/v2\/types\/product"}],"replies":[{"embeddable":true,"href":"https:\/\/aramiso-test.verteco.app\/index.php?rest_route=%2Fwp%2Fv2%2Fcomments&post=7422"}],"wp:attachment":[{"href":"https:\/\/aramiso-test.verteco.app\/index.php?rest_route=%2Fwp%2Fv2%2Fmedia&parent=7422"}],"wp:term":[{"taxonomy":"product_brand","embeddable":true,"href":"https:\/\/aramiso-test.verteco.app\/index.php?rest_route=%2Fwp%2Fv2%2Fproduct_brand&post=7422"},{"taxonomy":"product_cat","embeddable":true,"href":"https:\/\/aramiso-test.verteco.app\/index.php?rest_route=%2Fwp%2Fv2%2Fproduct_cat&post=7422"},{"taxonomy":"product_tag","embeddable":true,"href":"https:\/\/aramiso-test.verteco.app\/index.php?rest_route=%2Fwp%2Fv2%2Fproduct_tag&post=7422"}],"curies":[{"name":"wp","href":"https:\/\/api.w.org\/{rel}","templated":true}]}}