{"id":7419,"date":"2025-10-26T12:00:58","date_gmt":"2025-10-26T12:00:58","guid":{"rendered":"https:\/\/aramiso-test.verteco.app\/?product=drziak-vyplne-vertikal-2"},"modified":"2025-10-26T12:01:00","modified_gmt":"2025-10-26T12:01:00","slug":"drziak-vyplne-vertikal-2","status":"publish","type":"product","link":"https:\/\/aramiso-test.verteco.app\/?product=drziak-vyplne-vertikal-2","title":{"rendered":"Dr\u017eiak v\u00fdplne vertik\u00e1l."},"content":{"rendered":"<p>Dr\u017eiak vertik\u00e1lnej v\u00fdplne je kon\u0161truk\u010dn\u00fd prvok pou\u017e\u00edvan\u00fd na prepojenie dvoch kruhovych vyplni s moznostou nastavenia sklonu vyplne. Dr\u017eiak v\u00fdplne pre prepojenie dvoch kruhov\u00fdch v\u00fdpln\u00ed pre vertik\u00e1lnu v\u00fdpl\u0148 je d\u00f4le\u017eit\u00fdm kon\u0161truk\u010dn\u00fdm prvkom, ktor\u00fd zabezpe\u010duje pevn\u00e9 a estetick\u00e9 spojenie medzi v\u00fdpl\u0148ami.<\/p>\n","protected":false},"excerpt":{"rendered":"<p>Materi\u00e1l: Nerez AISI 304, Povrchov\u00e1 \u00faprava: Brus, V\u00fdpl\u0148: d12 &#8211; d12, d: 12<\/p>\n","protected":false},"featured_media":0,"comment_status":"closed","ping_status":"open","template":"","meta":[],"product_brand":[],"product_cat":[15],"product_tag":[],"class_list":{"0":"post-7419","1":"product","2":"type-product","3":"status-publish","5":"product_cat-uncategorized","7":"first","8":"onbackorder","9":"sale","10":"purchasable","11":"product-type-simple"},"_links":{"self":[{"href":"https:\/\/aramiso-test.verteco.app\/index.php?rest_route=\/wp\/v2\/product\/7419","targetHints":{"allow":["GET"]}}],"collection":[{"href":"https:\/\/aramiso-test.verteco.app\/index.php?rest_route=\/wp\/v2\/product"}],"about":[{"href":"https:\/\/aramiso-test.verteco.app\/index.php?rest_route=\/wp\/v2\/types\/product"}],"replies":[{"embeddable":true,"href":"https:\/\/aramiso-test.verteco.app\/index.php?rest_route=%2Fwp%2Fv2%2Fcomments&post=7419"}],"wp:attachment":[{"href":"https:\/\/aramiso-test.verteco.app\/index.php?rest_route=%2Fwp%2Fv2%2Fmedia&parent=7419"}],"wp:term":[{"taxonomy":"product_brand","embeddable":true,"href":"https:\/\/aramiso-test.verteco.app\/index.php?rest_route=%2Fwp%2Fv2%2Fproduct_brand&post=7419"},{"taxonomy":"product_cat","embeddable":true,"href":"https:\/\/aramiso-test.verteco.app\/index.php?rest_route=%2Fwp%2Fv2%2Fproduct_cat&post=7419"},{"taxonomy":"product_tag","embeddable":true,"href":"https:\/\/aramiso-test.verteco.app\/index.php?rest_route=%2Fwp%2Fv2%2Fproduct_tag&post=7419"}],"curies":[{"name":"wp","href":"https:\/\/api.w.org\/{rel}","templated":true}]}}