{"id":7409,"date":"2025-10-26T12:00:54","date_gmt":"2025-10-26T12:00:54","guid":{"rendered":"https:\/\/aramiso-test.verteco.app\/?product=drziak-vyplne-30"},"modified":"2025-10-26T12:00:57","modified_gmt":"2025-10-26T12:00:57","slug":"drziak-vyplne-30","status":"publish","type":"product","link":"https:\/\/aramiso-test.verteco.app\/?product=drziak-vyplne-30","title":{"rendered":"Dr\u017eiak v\u00fdplne"},"content":{"rendered":"<p>Dr\u017eiak v\u00fdplne je kon\u0161truk\u010dn\u00fd prvok, ktor\u00fd sl\u00fa\u017ei na upevnenie v\u00fdplne do kon\u0161trukcie. Vyu\u017e\u00edvan\u00fd pre uchytenie \u0161tvorcovej v\u00fdplne zabradl\u00ed, ktor\u00e1 je uchyten\u00e1 na stlpik. Je d\u00f4le\u017eit\u00fdm prvkom v kon\u0161trukcii, ktor\u00fd zabezpe\u010duje pevn\u00e9 upevnenie a stabilitu v\u00fdplne, a z\u00e1rove\u0148 prispieva k celkov\u00e9mu vzh\u013eadu a funk\u010dnosti kon\u0161trukcie.<\/p>\n","protected":false},"excerpt":{"rendered":"<p>Materi\u00e1l: Nerez AISI 304, Povrchov\u00e1 \u00faprava: Brus, V\u00fdpl\u0148: 10&#215;10, St\u013apik: flat, Phi sq: 10&#215;10, a: 20, b: 16, H: 20<\/p>\n","protected":false},"featured_media":0,"comment_status":"closed","ping_status":"open","template":"","meta":[],"product_brand":[],"product_cat":[15],"product_tag":[],"class_list":{"0":"post-7409","1":"product","2":"type-product","3":"status-publish","5":"product_cat-uncategorized","7":"first","8":"onbackorder","9":"sale","10":"purchasable","11":"product-type-simple"},"_links":{"self":[{"href":"https:\/\/aramiso-test.verteco.app\/index.php?rest_route=\/wp\/v2\/product\/7409","targetHints":{"allow":["GET"]}}],"collection":[{"href":"https:\/\/aramiso-test.verteco.app\/index.php?rest_route=\/wp\/v2\/product"}],"about":[{"href":"https:\/\/aramiso-test.verteco.app\/index.php?rest_route=\/wp\/v2\/types\/product"}],"replies":[{"embeddable":true,"href":"https:\/\/aramiso-test.verteco.app\/index.php?rest_route=%2Fwp%2Fv2%2Fcomments&post=7409"}],"wp:attachment":[{"href":"https:\/\/aramiso-test.verteco.app\/index.php?rest_route=%2Fwp%2Fv2%2Fmedia&parent=7409"}],"wp:term":[{"taxonomy":"product_brand","embeddable":true,"href":"https:\/\/aramiso-test.verteco.app\/index.php?rest_route=%2Fwp%2Fv2%2Fproduct_brand&post=7409"},{"taxonomy":"product_cat","embeddable":true,"href":"https:\/\/aramiso-test.verteco.app\/index.php?rest_route=%2Fwp%2Fv2%2Fproduct_cat&post=7409"},{"taxonomy":"product_tag","embeddable":true,"href":"https:\/\/aramiso-test.verteco.app\/index.php?rest_route=%2Fwp%2Fv2%2Fproduct_tag&post=7409"}],"curies":[{"name":"wp","href":"https:\/\/api.w.org\/{rel}","templated":true}]}}