{"id":7347,"date":"2025-10-26T12:00:44","date_gmt":"2025-10-26T12:00:44","guid":{"rendered":"https:\/\/aramiso-test.verteco.app\/?product=drziak-madla-prstenec"},"modified":"2025-10-26T12:00:47","modified_gmt":"2025-10-26T12:00:47","slug":"drziak-madla-prstenec","status":"publish","type":"product","link":"https:\/\/aramiso-test.verteco.app\/?product=drziak-madla-prstenec","title":{"rendered":"Dr\u017eiak madla &#8211; prstenec"},"content":{"rendered":"<p>Dr\u017eiak madla v tvare prstenca sl\u00fa\u017ei na upevnenie madla, ktor\u00e9 prech\u00e1dza skrz prstenec. Dr\u017eiaky madla poskytuj\u00fa pevn\u00fa podporu a stabiliz\u00e1ciu madla, taktie\u017e zabezpe\u010duj\u00fa ich bezpe\u010dn\u00e9 uchytenie na mieste. S\u00fa d\u00f4le\u017eit\u00fdm prvkom z\u00e1bradlia, ktor\u00fd prispieva k celkov\u00e9mu vzh\u013eadu, funk\u010dnosti a bezpe\u010dnosti kon\u0161trukcie.<\/p>\n","protected":false},"excerpt":{"rendered":"<p>Materi\u00e1l: Nerez AISI 304, Povrchov\u00e1 \u00faprava: Brus, Madlo: D33,7, Phi: 33,7, b: 28, D: 44,5, M: 6<\/p>\n","protected":false},"featured_media":0,"comment_status":"closed","ping_status":"open","template":"","meta":[],"product_brand":[],"product_cat":[15],"product_tag":[],"class_list":{"0":"post-7347","1":"product","2":"type-product","3":"status-publish","5":"product_cat-uncategorized","7":"first","8":"onbackorder","9":"sale","10":"purchasable","11":"product-type-simple"},"_links":{"self":[{"href":"https:\/\/aramiso-test.verteco.app\/index.php?rest_route=\/wp\/v2\/product\/7347","targetHints":{"allow":["GET"]}}],"collection":[{"href":"https:\/\/aramiso-test.verteco.app\/index.php?rest_route=\/wp\/v2\/product"}],"about":[{"href":"https:\/\/aramiso-test.verteco.app\/index.php?rest_route=\/wp\/v2\/types\/product"}],"replies":[{"embeddable":true,"href":"https:\/\/aramiso-test.verteco.app\/index.php?rest_route=%2Fwp%2Fv2%2Fcomments&post=7347"}],"wp:attachment":[{"href":"https:\/\/aramiso-test.verteco.app\/index.php?rest_route=%2Fwp%2Fv2%2Fmedia&parent=7347"}],"wp:term":[{"taxonomy":"product_brand","embeddable":true,"href":"https:\/\/aramiso-test.verteco.app\/index.php?rest_route=%2Fwp%2Fv2%2Fproduct_brand&post=7347"},{"taxonomy":"product_cat","embeddable":true,"href":"https:\/\/aramiso-test.verteco.app\/index.php?rest_route=%2Fwp%2Fv2%2Fproduct_cat&post=7347"},{"taxonomy":"product_tag","embeddable":true,"href":"https:\/\/aramiso-test.verteco.app\/index.php?rest_route=%2Fwp%2Fv2%2Fproduct_tag&post=7347"}],"curies":[{"name":"wp","href":"https:\/\/api.w.org\/{rel}","templated":true}]}}