{"id":7339,"date":"2025-10-26T12:00:44","date_gmt":"2025-10-26T12:00:44","guid":{"rendered":"https:\/\/aramiso-test.verteco.app\/?product=drziak-madla-vanicky-nastavitelny-5"},"modified":"2025-10-26T12:00:45","modified_gmt":"2025-10-26T12:00:45","slug":"drziak-madla-vanicky-nastavitelny-5","status":"publish","type":"product","link":"https:\/\/aramiso-test.verteco.app\/?product=drziak-madla-vanicky-nastavitelny-5","title":{"rendered":"Dr\u017eiak madla &#8211; vani\u010dky, nastavite\u013en\u00fd"},"content":{"rendered":"<p>Dr\u017eiak madla &#8211; vani\u010dky sl\u00fa\u017ei na uchytenie madla k stlp\u00edku. Spolu s vani\u010dkou a z\u00e1slepkou vytv\u00e1ra dr\u017eiak na madlo, ktor\u00fd je mo\u017ene vysklada\u0165 pod\u013ea potrieb z\u00e1kaznika. Sklon vani\u010dky je nastavite\u013en\u00fd.<\/p>\n","protected":false},"excerpt":{"rendered":"<p>Materi\u00e1l: Nerez AISI 304, Povrchov\u00e1 \u00faprava: Brus, Madlo: Zo z\u00e1vitom M6, D1: 12, H: 75, M: 8<\/p>\n","protected":false},"featured_media":0,"comment_status":"closed","ping_status":"open","template":"","meta":[],"product_brand":[],"product_cat":[15],"product_tag":[],"class_list":{"0":"post-7339","1":"product","2":"type-product","3":"status-publish","5":"product_cat-uncategorized","7":"first","8":"onbackorder","9":"sale","10":"purchasable","11":"product-type-simple"},"_links":{"self":[{"href":"https:\/\/aramiso-test.verteco.app\/index.php?rest_route=\/wp\/v2\/product\/7339","targetHints":{"allow":["GET"]}}],"collection":[{"href":"https:\/\/aramiso-test.verteco.app\/index.php?rest_route=\/wp\/v2\/product"}],"about":[{"href":"https:\/\/aramiso-test.verteco.app\/index.php?rest_route=\/wp\/v2\/types\/product"}],"replies":[{"embeddable":true,"href":"https:\/\/aramiso-test.verteco.app\/index.php?rest_route=%2Fwp%2Fv2%2Fcomments&post=7339"}],"wp:attachment":[{"href":"https:\/\/aramiso-test.verteco.app\/index.php?rest_route=%2Fwp%2Fv2%2Fmedia&parent=7339"}],"wp:term":[{"taxonomy":"product_brand","embeddable":true,"href":"https:\/\/aramiso-test.verteco.app\/index.php?rest_route=%2Fwp%2Fv2%2Fproduct_brand&post=7339"},{"taxonomy":"product_cat","embeddable":true,"href":"https:\/\/aramiso-test.verteco.app\/index.php?rest_route=%2Fwp%2Fv2%2Fproduct_cat&post=7339"},{"taxonomy":"product_tag","embeddable":true,"href":"https:\/\/aramiso-test.verteco.app\/index.php?rest_route=%2Fwp%2Fv2%2Fproduct_tag&post=7339"}],"curies":[{"name":"wp","href":"https:\/\/api.w.org\/{rel}","templated":true}]}}