{"id":7337,"date":"2025-08-25T11:00:32","date_gmt":"2025-08-25T11:00:32","guid":{"rendered":"https:\/\/aramiso-test.verteco.app\/?product=drziak-madla-vanicky-12"},"modified":"2025-08-25T11:00:33","modified_gmt":"2025-08-25T11:00:33","slug":"drziak-madla-vanicky-12","status":"publish","type":"product","link":"https:\/\/aramiso-test.verteco.app\/?product=drziak-madla-vanicky-12","title":{"rendered":"Dr\u017eiak madla &#8211; vani\u010dky"},"content":{"rendered":"<p>Dr\u017eiak madla &#8211; vani\u010dky sl\u00fa\u017ei na uchytenie madla k stlp\u00edku. Spolu s vani\u010dkou a z\u00e1slepkou vytv\u00e1ra dr\u017eiak na madlo, ktor\u00fd je mo\u017ene vysklada\u0165 pod\u013ea potrieb z\u00e1kaznika.<\/p>\n","protected":false},"excerpt":{"rendered":"<p>Materi\u00e1l: Nerez AISI 304, Povrchov\u00e1 \u00faprava: Brus, Madlo: Zo z\u00e1vitom M6, D1: 12, H: 68, M: 8<\/p>\n","protected":false},"featured_media":0,"comment_status":"closed","ping_status":"open","template":"","meta":[],"product_brand":[],"product_cat":[15],"product_tag":[],"class_list":{"0":"post-7337","1":"product","2":"type-product","3":"status-publish","5":"product_cat-uncategorized","7":"first","8":"onbackorder","9":"sale","10":"purchasable","11":"product-type-simple"},"_links":{"self":[{"href":"https:\/\/aramiso-test.verteco.app\/index.php?rest_route=\/wp\/v2\/product\/7337","targetHints":{"allow":["GET"]}}],"collection":[{"href":"https:\/\/aramiso-test.verteco.app\/index.php?rest_route=\/wp\/v2\/product"}],"about":[{"href":"https:\/\/aramiso-test.verteco.app\/index.php?rest_route=\/wp\/v2\/types\/product"}],"replies":[{"embeddable":true,"href":"https:\/\/aramiso-test.verteco.app\/index.php?rest_route=%2Fwp%2Fv2%2Fcomments&post=7337"}],"wp:attachment":[{"href":"https:\/\/aramiso-test.verteco.app\/index.php?rest_route=%2Fwp%2Fv2%2Fmedia&parent=7337"}],"wp:term":[{"taxonomy":"product_brand","embeddable":true,"href":"https:\/\/aramiso-test.verteco.app\/index.php?rest_route=%2Fwp%2Fv2%2Fproduct_brand&post=7337"},{"taxonomy":"product_cat","embeddable":true,"href":"https:\/\/aramiso-test.verteco.app\/index.php?rest_route=%2Fwp%2Fv2%2Fproduct_cat&post=7337"},{"taxonomy":"product_tag","embeddable":true,"href":"https:\/\/aramiso-test.verteco.app\/index.php?rest_route=%2Fwp%2Fv2%2Fproduct_tag&post=7337"}],"curies":[{"name":"wp","href":"https:\/\/api.w.org\/{rel}","templated":true}]}}