{"id":7336,"date":"2025-08-03T11:04:02","date_gmt":"2025-08-03T11:04:02","guid":{"rendered":"https:\/\/aramiso-test.verteco.app\/?product=drziak-madla-nastavitelny-3"},"modified":"2025-08-03T11:04:04","modified_gmt":"2025-08-03T11:04:04","slug":"drziak-madla-nastavitelny-3","status":"publish","type":"product","link":"https:\/\/aramiso-test.verteco.app\/?product=drziak-madla-nastavitelny-3","title":{"rendered":"Dr\u017eiak madla &#8211; nastavite\u013en\u00fd"},"content":{"rendered":"<p>Nastavite\u013en\u00fd dr\u017eiak madla s vani\u010dkou je flexibiln\u00fd komponent z\u00e1bradlia, ktor\u00fd umo\u017e\u0148uje prisp\u00f4sobenie uhla a polohy madla tak, aby vyhovoval r\u00f4znym in\u0161tala\u010dn\u00fdm podmienkam a po\u017eiadavk\u00e1m. Tento typ dr\u017eiaka je ide\u00e1lny pre aplik\u00e1cie, kde sa madlo mus\u00ed prisp\u00f4sobi\u0165 sklonu schodiska.<\/p>\n","protected":false},"excerpt":{"rendered":"<p>Materi\u00e1l: Nerez AISI 304, Povrchov\u00e1 \u00faprava: Brus, Madlo: flat, H: 71, Phi: flat<\/p>\n","protected":false},"featured_media":0,"comment_status":"closed","ping_status":"open","template":"","meta":[],"product_brand":[],"product_cat":[15],"product_tag":[],"class_list":{"0":"post-7336","1":"product","2":"type-product","3":"status-publish","5":"product_cat-uncategorized","7":"first","8":"onbackorder","9":"sale","10":"purchasable","11":"product-type-simple"},"_links":{"self":[{"href":"https:\/\/aramiso-test.verteco.app\/index.php?rest_route=\/wp\/v2\/product\/7336","targetHints":{"allow":["GET"]}}],"collection":[{"href":"https:\/\/aramiso-test.verteco.app\/index.php?rest_route=\/wp\/v2\/product"}],"about":[{"href":"https:\/\/aramiso-test.verteco.app\/index.php?rest_route=\/wp\/v2\/types\/product"}],"replies":[{"embeddable":true,"href":"https:\/\/aramiso-test.verteco.app\/index.php?rest_route=%2Fwp%2Fv2%2Fcomments&post=7336"}],"wp:attachment":[{"href":"https:\/\/aramiso-test.verteco.app\/index.php?rest_route=%2Fwp%2Fv2%2Fmedia&parent=7336"}],"wp:term":[{"taxonomy":"product_brand","embeddable":true,"href":"https:\/\/aramiso-test.verteco.app\/index.php?rest_route=%2Fwp%2Fv2%2Fproduct_brand&post=7336"},{"taxonomy":"product_cat","embeddable":true,"href":"https:\/\/aramiso-test.verteco.app\/index.php?rest_route=%2Fwp%2Fv2%2Fproduct_cat&post=7336"},{"taxonomy":"product_tag","embeddable":true,"href":"https:\/\/aramiso-test.verteco.app\/index.php?rest_route=%2Fwp%2Fv2%2Fproduct_tag&post=7336"}],"curies":[{"name":"wp","href":"https:\/\/api.w.org\/{rel}","templated":true}]}}