{"id":7296,"date":"2025-08-03T11:02:21","date_gmt":"2025-08-03T11:02:21","guid":{"rendered":"https:\/\/aramiso-test.verteco.app\/?product=zaslepka-madla-plocha-2"},"modified":"2025-08-03T11:02:23","modified_gmt":"2025-08-03T11:02:23","slug":"zaslepka-madla-plocha-2","status":"publish","type":"product","link":"https:\/\/aramiso-test.verteco.app\/?product=zaslepka-madla-plocha-2","title":{"rendered":"Z\u00e1slepka madla ploch\u00e1"},"content":{"rendered":"<p>Z\u00e1slepka madla je kon\u0161truk\u010dn\u00fd prvok, ktor\u00fd sa pou\u017e\u00edva na estetick\u00e9 zakrytie otvoru alebo konca madla. Obsahuje z\u00e1vit, \u010do znamen\u00e1, \u017ee m\u00f4\u017ee by\u0165 pou\u017eit\u00e1 aj ako koncovka stlpika s mo\u017enos\u0165ou upevnenia dr\u017eiaka na madlo. Spoj medzi stlpikom a z\u00e1slepkou je dosiahnut\u00fd prostredn\u00edctvom tlakoveho spoja, narazen\u00edm cez vrubkovanie.<\/p>\n","protected":false},"excerpt":{"rendered":"<p>Materi\u00e1l: Nerez AISI 304, Povrchov\u00e1 \u00faprava: Brus, St\u013apik: D33,7&#215;2, Madlo: D33,7&#215;2, D: 33,7&#215;2,0, H: 2<\/p>\n","protected":false},"featured_media":0,"comment_status":"closed","ping_status":"open","template":"","meta":[],"product_brand":[],"product_cat":[15],"product_tag":[],"class_list":{"0":"post-7296","1":"product","2":"type-product","3":"status-publish","5":"product_cat-uncategorized","7":"first","8":"onbackorder","9":"sale","10":"purchasable","11":"product-type-simple"},"_links":{"self":[{"href":"https:\/\/aramiso-test.verteco.app\/index.php?rest_route=\/wp\/v2\/product\/7296","targetHints":{"allow":["GET"]}}],"collection":[{"href":"https:\/\/aramiso-test.verteco.app\/index.php?rest_route=\/wp\/v2\/product"}],"about":[{"href":"https:\/\/aramiso-test.verteco.app\/index.php?rest_route=\/wp\/v2\/types\/product"}],"replies":[{"embeddable":true,"href":"https:\/\/aramiso-test.verteco.app\/index.php?rest_route=%2Fwp%2Fv2%2Fcomments&post=7296"}],"wp:attachment":[{"href":"https:\/\/aramiso-test.verteco.app\/index.php?rest_route=%2Fwp%2Fv2%2Fmedia&parent=7296"}],"wp:term":[{"taxonomy":"product_brand","embeddable":true,"href":"https:\/\/aramiso-test.verteco.app\/index.php?rest_route=%2Fwp%2Fv2%2Fproduct_brand&post=7296"},{"taxonomy":"product_cat","embeddable":true,"href":"https:\/\/aramiso-test.verteco.app\/index.php?rest_route=%2Fwp%2Fv2%2Fproduct_cat&post=7296"},{"taxonomy":"product_tag","embeddable":true,"href":"https:\/\/aramiso-test.verteco.app\/index.php?rest_route=%2Fwp%2Fv2%2Fproduct_tag&post=7296"}],"curies":[{"name":"wp","href":"https:\/\/api.w.org\/{rel}","templated":true}]}}