{"id":7280,"date":"2025-10-26T12:00:31","date_gmt":"2025-10-26T12:00:31","guid":{"rendered":"https:\/\/aramiso-test.verteco.app\/?product=drziak-madla-na-stenu-mimoosovy"},"modified":"2025-10-26T12:00:35","modified_gmt":"2025-10-26T12:00:35","slug":"drziak-madla-na-stenu-mimoosovy","status":"publish","type":"product","link":"https:\/\/aramiso-test.verteco.app\/?product=drziak-madla-na-stenu-mimoosovy","title":{"rendered":"Dr\u017eiak madla na stenu mimoosov\u00fd"},"content":{"rendered":"<p>Dr\u017eiak madla mimoosov\u00fd sl\u00fa\u017ei na upevnenie madla na stenu tak, aby bolo mo\u017en\u00e9 nastavi\u0165 jeho v\u00fd\u0161ku a sklon pod\u013ea potreby. Tento druh dr\u017eiaka poskytuje flexibilitu pri mont\u00e1\u017ei a umo\u017e\u0148uje prisp\u00f4sobi\u0165 z\u00e1bradlie r\u00f4znym nerovnostiam. V\u010faka nastavite\u013enej vani\u010dke je mo\u017ene dosiahnu\u0165 upevnenie madla aj pod uhlom nie len na rovine. Tento typ nastavite\u013en\u00e9ho dr\u017eiaka sa pou\u017e\u00edva v r\u00f4znych aplik\u00e1ci\u00e1ch, najm\u00e4 v stavebn\u00edctve a architekt\u00fare, kde je potrebn\u00e9 prisp\u00f4sobi\u0165 z\u00e1bradlie r\u00f4znym v\u00fd\u0161kam a sklonom. Jeho flexibilita a jednoduch\u00e1 in\u0161tal\u00e1cia ho robia popul\u00e1rnym rie\u0161en\u00edm pre r\u00f4zne projekty. Kotvenie dr\u017eiaka na stenu je dosiahnut\u00e9 pomocou vn\u00fatorn\u00e9ho z\u00e1vitu &#8211; montazny spoj.<\/p>\n","protected":false},"excerpt":{"rendered":"<p>Materi\u00e1l: Nerez AISI 304, Povrchov\u00e1 \u00faprava: Brus, Madlo: D42,4, Kotvenie: Na stenu<\/p>\n","protected":false},"featured_media":0,"comment_status":"closed","ping_status":"open","template":"","meta":[],"product_brand":[],"product_cat":[15],"product_tag":[],"class_list":{"0":"post-7280","1":"product","2":"type-product","3":"status-publish","5":"product_cat-uncategorized","7":"first","8":"onbackorder","9":"sale","10":"purchasable","11":"product-type-simple"},"_links":{"self":[{"href":"https:\/\/aramiso-test.verteco.app\/index.php?rest_route=\/wp\/v2\/product\/7280","targetHints":{"allow":["GET"]}}],"collection":[{"href":"https:\/\/aramiso-test.verteco.app\/index.php?rest_route=\/wp\/v2\/product"}],"about":[{"href":"https:\/\/aramiso-test.verteco.app\/index.php?rest_route=\/wp\/v2\/types\/product"}],"replies":[{"embeddable":true,"href":"https:\/\/aramiso-test.verteco.app\/index.php?rest_route=%2Fwp%2Fv2%2Fcomments&post=7280"}],"wp:attachment":[{"href":"https:\/\/aramiso-test.verteco.app\/index.php?rest_route=%2Fwp%2Fv2%2Fmedia&parent=7280"}],"wp:term":[{"taxonomy":"product_brand","embeddable":true,"href":"https:\/\/aramiso-test.verteco.app\/index.php?rest_route=%2Fwp%2Fv2%2Fproduct_brand&post=7280"},{"taxonomy":"product_cat","embeddable":true,"href":"https:\/\/aramiso-test.verteco.app\/index.php?rest_route=%2Fwp%2Fv2%2Fproduct_cat&post=7280"},{"taxonomy":"product_tag","embeddable":true,"href":"https:\/\/aramiso-test.verteco.app\/index.php?rest_route=%2Fwp%2Fv2%2Fproduct_tag&post=7280"}],"curies":[{"name":"wp","href":"https:\/\/api.w.org\/{rel}","templated":true}]}}