{"id":7279,"date":"2025-08-03T11:02:02","date_gmt":"2025-08-03T11:02:02","guid":{"rendered":"https:\/\/aramiso-test.verteco.app\/?product=drziak-madla-na-stenu-47"},"modified":"2025-08-03T11:02:08","modified_gmt":"2025-08-03T11:02:08","slug":"drziak-madla-na-stenu-47","status":"publish","type":"product","link":"https:\/\/aramiso-test.verteco.app\/?product=drziak-madla-na-stenu-47","title":{"rendered":"Dr\u017eiak madla na stenu"},"content":{"rendered":"<p>Dr\u017eiak madla na stenu je dizajnov\u00fd prvok ur\u010den\u00fd na upevnenie a podporu madla alebo rukov\u00e4te na stenu. Pri v\u00fdbere dr\u017eiaka je d\u00f4le\u017eit\u00e9 zoh\u013eadni\u0165 jeho funk\u010dnos\u0165, estetiku a kompatibilitu s \u010fal\u0161\u00edmi prvkami v miestnosti.<\/p>\n","protected":false},"excerpt":{"rendered":"<p>Materi\u00e1l: Nerez AISI 304, Povrchov\u00e1 \u00faprava: Lesk, Madlo: D42,4, Kotvenie: Na stenu, Phi: 42,4<\/p>\n","protected":false},"featured_media":0,"comment_status":"closed","ping_status":"open","template":"","meta":[],"product_brand":[],"product_cat":[15],"product_tag":[],"class_list":{"0":"post-7279","1":"product","2":"type-product","3":"status-publish","5":"product_cat-uncategorized","7":"first","8":"onbackorder","9":"sale","10":"purchasable","11":"product-type-simple"},"_links":{"self":[{"href":"https:\/\/aramiso-test.verteco.app\/index.php?rest_route=\/wp\/v2\/product\/7279","targetHints":{"allow":["GET"]}}],"collection":[{"href":"https:\/\/aramiso-test.verteco.app\/index.php?rest_route=\/wp\/v2\/product"}],"about":[{"href":"https:\/\/aramiso-test.verteco.app\/index.php?rest_route=\/wp\/v2\/types\/product"}],"replies":[{"embeddable":true,"href":"https:\/\/aramiso-test.verteco.app\/index.php?rest_route=%2Fwp%2Fv2%2Fcomments&post=7279"}],"wp:attachment":[{"href":"https:\/\/aramiso-test.verteco.app\/index.php?rest_route=%2Fwp%2Fv2%2Fmedia&parent=7279"}],"wp:term":[{"taxonomy":"product_brand","embeddable":true,"href":"https:\/\/aramiso-test.verteco.app\/index.php?rest_route=%2Fwp%2Fv2%2Fproduct_brand&post=7279"},{"taxonomy":"product_cat","embeddable":true,"href":"https:\/\/aramiso-test.verteco.app\/index.php?rest_route=%2Fwp%2Fv2%2Fproduct_cat&post=7279"},{"taxonomy":"product_tag","embeddable":true,"href":"https:\/\/aramiso-test.verteco.app\/index.php?rest_route=%2Fwp%2Fv2%2Fproduct_tag&post=7279"}],"curies":[{"name":"wp","href":"https:\/\/api.w.org\/{rel}","templated":true}]}}