{"id":7265,"date":"2025-08-03T11:01:00","date_gmt":"2025-08-03T11:01:00","guid":{"rendered":"https:\/\/aramiso-test.verteco.app\/?product=drziak-madla-na-stenu-33"},"modified":"2025-08-03T11:01:07","modified_gmt":"2025-08-03T11:01:07","slug":"drziak-madla-na-stenu-33","status":"publish","type":"product","link":"https:\/\/aramiso-test.verteco.app\/?product=drziak-madla-na-stenu-33","title":{"rendered":"Dr\u017eiak madla na stenu"},"content":{"rendered":"<p>Dr\u017eiak madla na stenu je dizajnov\u00fd prvok ur\u010den\u00fd na upevnenie a podporu madla alebo rukov\u00e4te na stenu. Pri v\u00fdbere dr\u017eiaka je d\u00f4le\u017eit\u00e9 zoh\u013eadni\u0165 jeho funk\u010dnos\u0165, estetiku a kompatibilitu s \u010fal\u0161\u00edmi prvkami v miestnosti.<\/p>\n","protected":false},"excerpt":{"rendered":"<p>Materi\u00e1l: Nerez AISI 316, Povrchov\u00e1 \u00faprava: Brus, Madlo: D42,4, Kotvenie: Na stenu, b: 75, H: 50<\/p>\n","protected":false},"featured_media":0,"comment_status":"closed","ping_status":"open","template":"","meta":[],"product_brand":[],"product_cat":[15],"product_tag":[],"class_list":{"0":"post-7265","1":"product","2":"type-product","3":"status-publish","5":"product_cat-uncategorized","7":"first","8":"onbackorder","9":"sale","10":"purchasable","11":"product-type-simple"},"_links":{"self":[{"href":"https:\/\/aramiso-test.verteco.app\/index.php?rest_route=\/wp\/v2\/product\/7265","targetHints":{"allow":["GET"]}}],"collection":[{"href":"https:\/\/aramiso-test.verteco.app\/index.php?rest_route=\/wp\/v2\/product"}],"about":[{"href":"https:\/\/aramiso-test.verteco.app\/index.php?rest_route=\/wp\/v2\/types\/product"}],"replies":[{"embeddable":true,"href":"https:\/\/aramiso-test.verteco.app\/index.php?rest_route=%2Fwp%2Fv2%2Fcomments&post=7265"}],"wp:attachment":[{"href":"https:\/\/aramiso-test.verteco.app\/index.php?rest_route=%2Fwp%2Fv2%2Fmedia&parent=7265"}],"wp:term":[{"taxonomy":"product_brand","embeddable":true,"href":"https:\/\/aramiso-test.verteco.app\/index.php?rest_route=%2Fwp%2Fv2%2Fproduct_brand&post=7265"},{"taxonomy":"product_cat","embeddable":true,"href":"https:\/\/aramiso-test.verteco.app\/index.php?rest_route=%2Fwp%2Fv2%2Fproduct_cat&post=7265"},{"taxonomy":"product_tag","embeddable":true,"href":"https:\/\/aramiso-test.verteco.app\/index.php?rest_route=%2Fwp%2Fv2%2Fproduct_tag&post=7265"}],"curies":[{"name":"wp","href":"https:\/\/api.w.org\/{rel}","templated":true}]}}