{"id":7240,"date":"2025-10-26T12:00:22","date_gmt":"2025-10-26T12:00:22","guid":{"rendered":"https:\/\/aramiso-test.verteco.app\/?product=drziak-madla-na-stenu-cast-hrdlo"},"modified":"2025-10-26T12:00:23","modified_gmt":"2025-10-26T12:00:23","slug":"drziak-madla-na-stenu-cast-hrdlo","status":"publish","type":"product","link":"https:\/\/aramiso-test.verteco.app\/?product=drziak-madla-na-stenu-cast-hrdlo","title":{"rendered":"Dr\u017eiak madla na stenu &#8211; \u010das\u0165 hrdlo"},"content":{"rendered":"<p>Dr\u017eiaky madla s\u00fa d\u00f4le\u017eit\u00fdm prvkom k z\u00e1bradliu, ktor\u00fd prispieva k celkov\u00e9mu vzh\u013eadu, funk\u010dnosti a bezpe\u010dnosti. Sl\u00fa\u017eia na upevnenie madla na stenu, kde poskytuje pevn\u00fa podporu a stabiliz\u00e1ciu, \u010dim zabezpe\u010duj\u00fa aj bezpe\u010dn\u00e9 uchytenie na po\u017eadovanom mieste. Tento dr\u017eiak je dod\u00e1van\u00fd bez vani\u010dky na madlo, ktor\u00fa je mo\u017en\u00e9 dokupi\u0165 a nakombinova\u0165 pod\u013ea potrieb z\u00e1kaznika.<\/p>\n","protected":false},"excerpt":{"rendered":"<p>Materi\u00e1l: Nerez AISI 304, Povrchov\u00e1 \u00faprava: Brus, Pou\u017eitie: Kotvenie, Kotvenie: Na stenu<\/p>\n","protected":false},"featured_media":0,"comment_status":"closed","ping_status":"open","template":"","meta":[],"product_brand":[],"product_cat":[15],"product_tag":[],"class_list":{"0":"post-7240","1":"product","2":"type-product","3":"status-publish","5":"product_cat-uncategorized","7":"first","8":"onbackorder","9":"sale","10":"purchasable","11":"product-type-simple"},"_links":{"self":[{"href":"https:\/\/aramiso-test.verteco.app\/index.php?rest_route=\/wp\/v2\/product\/7240","targetHints":{"allow":["GET"]}}],"collection":[{"href":"https:\/\/aramiso-test.verteco.app\/index.php?rest_route=\/wp\/v2\/product"}],"about":[{"href":"https:\/\/aramiso-test.verteco.app\/index.php?rest_route=\/wp\/v2\/types\/product"}],"replies":[{"embeddable":true,"href":"https:\/\/aramiso-test.verteco.app\/index.php?rest_route=%2Fwp%2Fv2%2Fcomments&post=7240"}],"wp:attachment":[{"href":"https:\/\/aramiso-test.verteco.app\/index.php?rest_route=%2Fwp%2Fv2%2Fmedia&parent=7240"}],"wp:term":[{"taxonomy":"product_brand","embeddable":true,"href":"https:\/\/aramiso-test.verteco.app\/index.php?rest_route=%2Fwp%2Fv2%2Fproduct_brand&post=7240"},{"taxonomy":"product_cat","embeddable":true,"href":"https:\/\/aramiso-test.verteco.app\/index.php?rest_route=%2Fwp%2Fv2%2Fproduct_cat&post=7240"},{"taxonomy":"product_tag","embeddable":true,"href":"https:\/\/aramiso-test.verteco.app\/index.php?rest_route=%2Fwp%2Fv2%2Fproduct_tag&post=7240"}],"curies":[{"name":"wp","href":"https:\/\/api.w.org\/{rel}","templated":true}]}}