{"id":7216,"date":"2025-08-31T11:00:10","date_gmt":"2025-08-31T11:00:10","guid":{"rendered":"https:\/\/aramiso-test.verteco.app\/?product=drziak-madla-na-murik-2"},"modified":"2025-08-31T11:00:10","modified_gmt":"2025-08-31T11:00:10","slug":"drziak-madla-na-murik-2","status":"publish","type":"product","link":"https:\/\/aramiso-test.verteco.app\/?product=drziak-madla-na-murik-2","title":{"rendered":"Dr\u017eiak madla na m\u00farik"},"content":{"rendered":"<p>Dr\u017eiak madla na m\u00farik je praktick\u00fdm a estetick\u00fdm rie\u0161en\u00edm pre podporu a upevnenie madla na povrch m\u00fara. Dr\u017eiak madla na m\u00farik sa pou\u017e\u00edva v r\u00f4znych aplik\u00e1ci\u00e1ch, vr\u00e1tane vonkaj\u0161\u00edch ter\u00e1s, schod\u00edsk, z\u00e1bradl\u00ed a \u010fal\u0161\u00edch miest, kde je potrebn\u00e1 podpora a upevnenie madla na povrch m\u00fara.<\/p>\n","protected":false},"excerpt":{"rendered":"<p>Materi\u00e1l: Nerez AISI 304, Povrchov\u00e1 \u00faprava: Brus, Madlo: D42,4, Kotvenie: Na stenu, Phi: 42,4<\/p>\n","protected":false},"featured_media":0,"comment_status":"closed","ping_status":"open","template":"","meta":[],"product_brand":[],"product_cat":[15],"product_tag":[],"class_list":{"0":"post-7216","1":"product","2":"type-product","3":"status-publish","5":"product_cat-uncategorized","7":"first","8":"onbackorder","9":"sale","10":"purchasable","11":"product-type-simple"},"_links":{"self":[{"href":"https:\/\/aramiso-test.verteco.app\/index.php?rest_route=\/wp\/v2\/product\/7216","targetHints":{"allow":["GET"]}}],"collection":[{"href":"https:\/\/aramiso-test.verteco.app\/index.php?rest_route=\/wp\/v2\/product"}],"about":[{"href":"https:\/\/aramiso-test.verteco.app\/index.php?rest_route=\/wp\/v2\/types\/product"}],"replies":[{"embeddable":true,"href":"https:\/\/aramiso-test.verteco.app\/index.php?rest_route=%2Fwp%2Fv2%2Fcomments&post=7216"}],"wp:attachment":[{"href":"https:\/\/aramiso-test.verteco.app\/index.php?rest_route=%2Fwp%2Fv2%2Fmedia&parent=7216"}],"wp:term":[{"taxonomy":"product_brand","embeddable":true,"href":"https:\/\/aramiso-test.verteco.app\/index.php?rest_route=%2Fwp%2Fv2%2Fproduct_brand&post=7216"},{"taxonomy":"product_cat","embeddable":true,"href":"https:\/\/aramiso-test.verteco.app\/index.php?rest_route=%2Fwp%2Fv2%2Fproduct_cat&post=7216"},{"taxonomy":"product_tag","embeddable":true,"href":"https:\/\/aramiso-test.verteco.app\/index.php?rest_route=%2Fwp%2Fv2%2Fproduct_tag&post=7216"}],"curies":[{"name":"wp","href":"https:\/\/api.w.org\/{rel}","templated":true}]}}