{"id":7205,"date":"2025-10-26T12:00:13","date_gmt":"2025-10-26T12:00:13","guid":{"rendered":"https:\/\/aramiso-test.verteco.app\/?product=koleno-dub-natural"},"modified":"2025-10-26T12:00:16","modified_gmt":"2025-10-26T12:00:16","slug":"koleno-dub-natural","status":"publish","type":"product","link":"https:\/\/aramiso-test.verteco.app\/?product=koleno-dub-natural","title":{"rendered":"Koleno DUB NATURAL"},"content":{"rendered":"<p>Koleno DUB D40-42mm &#8211; uhol 90\u00b0 s otvormi pre koliky D12mm k madl\u00e1m WB\/D42&#8230;<br \/>\nNebr\u00fasen\u00e9, mo\u017en\u00fd nepravideln\u00fd povrch. Dod\u00e1vane bez spojovac\u00edch kol\u00edkov.<\/p>\n","protected":false},"excerpt":{"rendered":"<p>Materi\u00e1l: Drevo Dub, Povrchov\u00e1 \u00faprava: Natural, Madlo: D42 &#8211; pln\u00e9, D: 42, d: 15<\/p>\n","protected":false},"featured_media":0,"comment_status":"closed","ping_status":"open","template":"","meta":[],"product_brand":[],"product_cat":[15],"product_tag":[],"class_list":{"0":"post-7205","1":"product","2":"type-product","3":"status-publish","5":"product_cat-uncategorized","7":"first","8":"onbackorder","9":"sale","10":"purchasable","11":"product-type-simple"},"_links":{"self":[{"href":"https:\/\/aramiso-test.verteco.app\/index.php?rest_route=\/wp\/v2\/product\/7205","targetHints":{"allow":["GET"]}}],"collection":[{"href":"https:\/\/aramiso-test.verteco.app\/index.php?rest_route=\/wp\/v2\/product"}],"about":[{"href":"https:\/\/aramiso-test.verteco.app\/index.php?rest_route=\/wp\/v2\/types\/product"}],"replies":[{"embeddable":true,"href":"https:\/\/aramiso-test.verteco.app\/index.php?rest_route=%2Fwp%2Fv2%2Fcomments&post=7205"}],"wp:attachment":[{"href":"https:\/\/aramiso-test.verteco.app\/index.php?rest_route=%2Fwp%2Fv2%2Fmedia&parent=7205"}],"wp:term":[{"taxonomy":"product_brand","embeddable":true,"href":"https:\/\/aramiso-test.verteco.app\/index.php?rest_route=%2Fwp%2Fv2%2Fproduct_brand&post=7205"},{"taxonomy":"product_cat","embeddable":true,"href":"https:\/\/aramiso-test.verteco.app\/index.php?rest_route=%2Fwp%2Fv2%2Fproduct_cat&post=7205"},{"taxonomy":"product_tag","embeddable":true,"href":"https:\/\/aramiso-test.verteco.app\/index.php?rest_route=%2Fwp%2Fv2%2Fproduct_tag&post=7205"}],"curies":[{"name":"wp","href":"https:\/\/api.w.org\/{rel}","templated":true}]}}