{"id":7190,"date":"2025-10-26T12:00:06","date_gmt":"2025-10-26T12:00:06","guid":{"rendered":"https:\/\/aramiso-test.verteco.app\/?product=prechod-madla-koleno-13"},"modified":"2025-10-26T12:00:08","modified_gmt":"2025-10-26T12:00:08","slug":"prechod-madla-koleno-13","status":"publish","type":"product","link":"https:\/\/aramiso-test.verteco.app\/?product=prechod-madla-koleno-13","title":{"rendered":"Prechod madla &#8211; koleno"},"content":{"rendered":"<p>Rohov\u00fd prechod madla sa pou\u017e\u00edva na prechod alebo spojenie medzi dvoma \u010das\u0165ami madla alebo rukov\u00e4te, naj\u010dastej\u0161ie na mieste, kde sa men\u00ed smer alebo tvar madla. Tento druh prechodu sa \u010dasto pou\u017e\u00edva v interi\u00e9rovom dizajne, architekt\u00fare, kde je potrebn\u00e9 ma\u0165 hladk\u00fd a estetick\u00fd prechod pod uhlom 90\u00b0 medzi dvoma \u010das\u0165ami madla. Jeho hlavnou funkciou je poskytn\u00fa\u0165 hladk\u00fd a spo\u013eahliv\u00fd prechod medzi dvoma \u010das\u0165ami madla alebo rukov\u00e4te a prida\u0165 estetick\u00fa hodnotu k celkov\u00e9mu vzh\u013eadu kon\u0161trukcie. Sp\u00e1janie madiel pomocou prechodu je jednoduch\u00e9, pre prilnutie materi\u00e1lov a pou\u017e\u00edva lepen\u00fd spoj.<\/p>\n","protected":false},"excerpt":{"rendered":"<p>Materi\u00e1l: Nerez AISI 316, Povrchov\u00e1 \u00faprava: Brus, Madlo: D42,4&#215;2, H: 30, Phi: 42,4&#215;2,0<\/p>\n","protected":false},"featured_media":0,"comment_status":"closed","ping_status":"open","template":"","meta":[],"product_brand":[],"product_cat":[15],"product_tag":[],"class_list":{"0":"post-7190","1":"product","2":"type-product","3":"status-publish","5":"product_cat-uncategorized","7":"first","8":"onbackorder","9":"sale","10":"purchasable","11":"product-type-simple"},"_links":{"self":[{"href":"https:\/\/aramiso-test.verteco.app\/index.php?rest_route=\/wp\/v2\/product\/7190","targetHints":{"allow":["GET"]}}],"collection":[{"href":"https:\/\/aramiso-test.verteco.app\/index.php?rest_route=\/wp\/v2\/product"}],"about":[{"href":"https:\/\/aramiso-test.verteco.app\/index.php?rest_route=\/wp\/v2\/types\/product"}],"replies":[{"embeddable":true,"href":"https:\/\/aramiso-test.verteco.app\/index.php?rest_route=%2Fwp%2Fv2%2Fcomments&post=7190"}],"wp:attachment":[{"href":"https:\/\/aramiso-test.verteco.app\/index.php?rest_route=%2Fwp%2Fv2%2Fmedia&parent=7190"}],"wp:term":[{"taxonomy":"product_brand","embeddable":true,"href":"https:\/\/aramiso-test.verteco.app\/index.php?rest_route=%2Fwp%2Fv2%2Fproduct_brand&post=7190"},{"taxonomy":"product_cat","embeddable":true,"href":"https:\/\/aramiso-test.verteco.app\/index.php?rest_route=%2Fwp%2Fv2%2Fproduct_cat&post=7190"},{"taxonomy":"product_tag","embeddable":true,"href":"https:\/\/aramiso-test.verteco.app\/index.php?rest_route=%2Fwp%2Fv2%2Fproduct_tag&post=7190"}],"curies":[{"name":"wp","href":"https:\/\/api.w.org\/{rel}","templated":true}]}}