{"id":7179,"date":"2025-10-26T12:00:06","date_gmt":"2025-10-26T12:00:06","guid":{"rendered":"https:\/\/aramiso-test.verteco.app\/?product=prechod-madla-koleno-4"},"modified":"2025-10-26T12:00:11","modified_gmt":"2025-10-26T12:00:11","slug":"prechod-madla-koleno-4","status":"publish","type":"product","link":"https:\/\/aramiso-test.verteco.app\/?product=prechod-madla-koleno-4","title":{"rendered":"Prechod madla &#8211; koleno"},"content":{"rendered":"<p>Prechod madla je kon\u0161truk\u010dn\u00fd a dizajnov\u00fd prvok pou\u017e\u00edvan\u00fd na prepojenie \u010dast\u00ed madla z\u00e1bradlia. Tento prechod umo\u017e\u0148uje hladk\u00e9 a plynul\u00e9 prepojenie madla, \u010d\u00edm sa zvy\u0161uje bezpe\u010dnos\u0165, estetika a funk\u010dnos\u0165 z\u00e1bradlia. Vytv\u00e1ra vizu\u00e1lny a s\u00favisl\u00fd prechod medzi dvoma \u010das\u0165ami madla, \u010do prispieva k celkov\u00e9mu dizajnu z\u00e1bradlia. Eliminuje ostr\u00e9 hrany a nerovn\u00e9 povrchy, \u010d\u00edm sa minimalizuje riziko \u00farazu pri uchopen\u00ed madla. Tie\u017e umo\u017e\u0148uje jednoduch\u00fa in\u0161tal\u00e1ciu, \u00fadr\u017ebu a pou\u017e\u00edvanie z\u00e1bradlia, pri\u010dom zais\u0165uje pevn\u00e9 a stabiln\u00e9 spojenie madla. Uhlov\u00fd prechod madla (tzv. koleno) umo\u017e\u0148uj\u00fa prechod madla v rohoch pod uhlom 90\u00b0. Spojenie madla a prechodu (kolena) je jednoduch\u00e9, pre prilnutie materi\u00e1lov sa pou\u017e\u00edva lepen\u00fd spoj.<\/p>\n","protected":false},"excerpt":{"rendered":"<p>Materi\u00e1l: Nerez AISI 304, Povrchov\u00e1 \u00faprava: Lesk, Madlo: D42,4&#215;2, H: 30, Phi: 42,4&#215;2,0<\/p>\n","protected":false},"featured_media":0,"comment_status":"closed","ping_status":"open","template":"","meta":[],"product_brand":[],"product_cat":[15],"product_tag":[],"class_list":{"0":"post-7179","1":"product","2":"type-product","3":"status-publish","5":"product_cat-uncategorized","7":"first","8":"onbackorder","9":"sale","10":"purchasable","11":"product-type-simple"},"_links":{"self":[{"href":"https:\/\/aramiso-test.verteco.app\/index.php?rest_route=\/wp\/v2\/product\/7179","targetHints":{"allow":["GET"]}}],"collection":[{"href":"https:\/\/aramiso-test.verteco.app\/index.php?rest_route=\/wp\/v2\/product"}],"about":[{"href":"https:\/\/aramiso-test.verteco.app\/index.php?rest_route=\/wp\/v2\/types\/product"}],"replies":[{"embeddable":true,"href":"https:\/\/aramiso-test.verteco.app\/index.php?rest_route=%2Fwp%2Fv2%2Fcomments&post=7179"}],"wp:attachment":[{"href":"https:\/\/aramiso-test.verteco.app\/index.php?rest_route=%2Fwp%2Fv2%2Fmedia&parent=7179"}],"wp:term":[{"taxonomy":"product_brand","embeddable":true,"href":"https:\/\/aramiso-test.verteco.app\/index.php?rest_route=%2Fwp%2Fv2%2Fproduct_brand&post=7179"},{"taxonomy":"product_cat","embeddable":true,"href":"https:\/\/aramiso-test.verteco.app\/index.php?rest_route=%2Fwp%2Fv2%2Fproduct_cat&post=7179"},{"taxonomy":"product_tag","embeddable":true,"href":"https:\/\/aramiso-test.verteco.app\/index.php?rest_route=%2Fwp%2Fv2%2Fproduct_tag&post=7179"}],"curies":[{"name":"wp","href":"https:\/\/api.w.org\/{rel}","templated":true}]}}