{"id":14069,"date":"2025-10-26T12:56:32","date_gmt":"2025-10-26T12:56:32","guid":{"rendered":"https:\/\/aramiso-test.verteco.app\/?product=pohyblivy-plastovy-system-zaluziovy-par-lavy-pravy-4"},"modified":"2025-10-26T12:56:34","modified_gmt":"2025-10-26T12:56:34","slug":"pohyblivy-plastovy-system-zaluziovy-par-lavy-pravy-4","status":"publish","type":"product","link":"https:\/\/aramiso-test.verteco.app\/?product=pohyblivy-plastovy-system-zaluziovy-par-lavy-pravy-4","title":{"rendered":"Pohybliv\u00fd plastov\u00fd syst\u00e9m &#8211; \u017eal\u00faziov\u00fd &#8211; p\u00e1r (\u013eav\u00fd + prav\u00fd)"},"content":{"rendered":"<p>Modern\u00fd, \u013eahk\u00fd a odoln\u00fd \u017eal\u00faziov\u00fd syst\u00e9m z PVC pre lamely, ur\u010den\u00fd pre variabiln\u00e9 tienenie a ochranu s\u00fakromia. V\u010faka jednoduch\u00e9mu nakl\u00e1paciemu mechanizmu si u\u017e\u00edvate\u013e \u013eahko reguluje intenzitu svetla a priepustnos\u0165 vzduchu. Syst\u00e9m je navrhnut\u00fd pre vonkaj\u0161ie i vn\u00fatorn\u00e9 pou\u017eitie, odol\u00e1va UV \u017eiareniu a poveternostn\u00fdm vplyvom, zachov\u00e1 si st\u00e1los\u0165 farby a tvaru aj po dlhodobom pou\u017e\u00edvan\u00ed.<\/p>\n<p>K\u013e\u00fa\u010dov\u00e9 vlastnosti<br \/>\nPlynul\u00e9 nakl\u00e1panie lamiel &#8211; mo\u017enos\u0165 nastavenia uhlov od 0\u00b0 (uzavret\u00e9), 90\u00b0 (pln\u00e9 odvetranie), po 105\u00b0<br \/>\n\u013dahk\u00e1 kon\u0161trukcia &#8211; n\u00edzka hmotnos\u0165 zais\u0165uje jednoduch\u00fa manipul\u00e1ciu a mont\u00e1\u017e<br \/>\nOdolnos\u0165 vo\u010di poveternostn\u00fdm vplyvom &#8211; materi\u00e1l stabilizovan\u00fd proti UV, vode a mrazu<br \/>\nBez\u00fadr\u017ebov\u00fd prev\u00e1dzka &#8211; sta\u010d\u00ed ob\u010dasn\u00e9 opl\u00e1chnutie vodou, \u017eiadne natieranie ani impregn\u00e1cia<\/p>\n<p>Univerz\u00e1lne pou\u017eitie &#8211; vhodn\u00fd pre balk\u00f3ny, terasy, z\u00e1bradlia, ploty aj interi\u00e9rov\u00e9 deliace steny<br \/>\nTechnick\u00e9 parametre<br \/>\n\u0160\u00edrka lamely: 95 mm<br \/>\nHr\u00fabka lamely: 20 mm<br \/>\nMaxim\u00e1lna d\u013a\u017eka hlin\u00edkovej lamely: pod\u013ea po\u017eiadavky, be\u017ene do 2 400 mm<br \/>\nMaxim\u00e1lna d\u013a\u017eka drevenej lamely: pod\u013ea po\u017eiadavky, be\u017ene do 1 500 mm<br \/>\nTeplotn\u00fd rozsah prev\u00e1dzky: -20 \u00b0C a\u017e +60 \u00b0C<\/p>\n<p>V\u00fdhody pre z\u00e1kazn\u00edka<br \/>\nRegul\u00e1cia svetla &#8211; zlep\u0161uje komfort v interi\u00e9ri, zabra\u0148uje prehrievaniu<br \/>\nOchrana s\u00fakromia &#8211; optim\u00e1lna bari\u00e9ra proti poh\u013eadom zvonku<br \/>\nR\u00fdchla mont\u00e1\u017e &#8211; v\u010faka modul\u00e1rnej kon\u0161trukcii bez nutnosti zlo\u017eit\u00e9ho n\u00e1radia<\/p>\n","protected":false},"excerpt":{"rendered":"<p>Materi\u00e1l: Plast, Vzh\u013ead: Hned\u00e1, L: 440<\/p>\n","protected":false},"featured_media":0,"comment_status":"closed","ping_status":"open","template":"","meta":[],"product_brand":[],"product_cat":[15],"product_tag":[],"class_list":{"0":"post-14069","1":"product","2":"type-product","3":"status-publish","5":"product_cat-uncategorized","7":"first","8":"onbackorder","9":"purchasable","10":"product-type-simple"},"_links":{"self":[{"href":"https:\/\/aramiso-test.verteco.app\/index.php?rest_route=\/wp\/v2\/product\/14069","targetHints":{"allow":["GET"]}}],"collection":[{"href":"https:\/\/aramiso-test.verteco.app\/index.php?rest_route=\/wp\/v2\/product"}],"about":[{"href":"https:\/\/aramiso-test.verteco.app\/index.php?rest_route=\/wp\/v2\/types\/product"}],"replies":[{"embeddable":true,"href":"https:\/\/aramiso-test.verteco.app\/index.php?rest_route=%2Fwp%2Fv2%2Fcomments&post=14069"}],"wp:attachment":[{"href":"https:\/\/aramiso-test.verteco.app\/index.php?rest_route=%2Fwp%2Fv2%2Fmedia&parent=14069"}],"wp:term":[{"taxonomy":"product_brand","embeddable":true,"href":"https:\/\/aramiso-test.verteco.app\/index.php?rest_route=%2Fwp%2Fv2%2Fproduct_brand&post=14069"},{"taxonomy":"product_cat","embeddable":true,"href":"https:\/\/aramiso-test.verteco.app\/index.php?rest_route=%2Fwp%2Fv2%2Fproduct_cat&post=14069"},{"taxonomy":"product_tag","embeddable":true,"href":"https:\/\/aramiso-test.verteco.app\/index.php?rest_route=%2Fwp%2Fv2%2Fproduct_tag&post=14069"}],"curies":[{"name":"wp","href":"https:\/\/api.w.org\/{rel}","templated":true}]}}