{"id":14044,"date":"2025-10-26T12:38:44","date_gmt":"2025-10-26T12:38:44","guid":{"rendered":"https:\/\/aramiso-test.verteco.app\/?product=kovanie-pre-posuvne-dvere-skladacia-stena-3m-4"},"modified":"2025-10-26T12:38:45","modified_gmt":"2025-10-26T12:38:45","slug":"kovanie-pre-posuvne-dvere-skladacia-stena-3m-4","status":"publish","type":"product","link":"https:\/\/aramiso-test.verteco.app\/?product=kovanie-pre-posuvne-dvere-skladacia-stena-3m-4","title":{"rendered":"Kovanie pre posuvn\u00e9 dvere &#8211; skladacia stena 3m"},"content":{"rendered":"<p>weight: max.80kg<br \/>\nwidth:  600 &#8211; 800mm<br \/>\nheight: 3000mm<\/p>\n","protected":false},"excerpt":{"rendered":"<p>Materi\u00e1l: Hlin\u00edk, Povrchov\u00e1 \u00faprava: Eloxovan\u00fd, Glass t: 10-12, L: 3000, Hmotnos\u0165 kr\u00eddla (odpor\u00fa\u010dan\u00e1): 80kg, Kotvenie: Na stenu, Funkcia samozatv\u00e1rania: \u00c1no, Otvor v skle: Nie<\/p>\n","protected":false},"featured_media":0,"comment_status":"closed","ping_status":"open","template":"","meta":[],"product_brand":[],"product_cat":[15],"product_tag":[],"class_list":{"0":"post-14044","1":"product","2":"type-product","3":"status-publish","5":"product_cat-uncategorized","7":"first","8":"instock","9":"sale","10":"purchasable","11":"product-type-simple"},"_links":{"self":[{"href":"https:\/\/aramiso-test.verteco.app\/index.php?rest_route=\/wp\/v2\/product\/14044","targetHints":{"allow":["GET"]}}],"collection":[{"href":"https:\/\/aramiso-test.verteco.app\/index.php?rest_route=\/wp\/v2\/product"}],"about":[{"href":"https:\/\/aramiso-test.verteco.app\/index.php?rest_route=\/wp\/v2\/types\/product"}],"replies":[{"embeddable":true,"href":"https:\/\/aramiso-test.verteco.app\/index.php?rest_route=%2Fwp%2Fv2%2Fcomments&post=14044"}],"wp:attachment":[{"href":"https:\/\/aramiso-test.verteco.app\/index.php?rest_route=%2Fwp%2Fv2%2Fmedia&parent=14044"}],"wp:term":[{"taxonomy":"product_brand","embeddable":true,"href":"https:\/\/aramiso-test.verteco.app\/index.php?rest_route=%2Fwp%2Fv2%2Fproduct_brand&post=14044"},{"taxonomy":"product_cat","embeddable":true,"href":"https:\/\/aramiso-test.verteco.app\/index.php?rest_route=%2Fwp%2Fv2%2Fproduct_cat&post=14044"},{"taxonomy":"product_tag","embeddable":true,"href":"https:\/\/aramiso-test.verteco.app\/index.php?rest_route=%2Fwp%2Fv2%2Fproduct_tag&post=14044"}],"curies":[{"name":"wp","href":"https:\/\/api.w.org\/{rel}","templated":true}]}}