{"id":14043,"date":"2025-10-26T12:38:44","date_gmt":"2025-10-26T12:38:44","guid":{"rendered":"https:\/\/aramiso-test.verteco.app\/?product=kovanie-pre-posuvne-dvere-skladacia-stena-3m-3"},"modified":"2025-10-26T12:38:45","modified_gmt":"2025-10-26T12:38:45","slug":"kovanie-pre-posuvne-dvere-skladacia-stena-3m-3","status":"publish","type":"product","link":"https:\/\/aramiso-test.verteco.app\/?product=kovanie-pre-posuvne-dvere-skladacia-stena-3m-3","title":{"rendered":"Kovanie pre posuvn\u00e9 dvere &#8211; skladacia stena 3m"},"content":{"rendered":"<div>v\u00e1ha: max<span style=\"color: rgb(0, 0, 139);\">.80<\/span>kg&nbsp;<br \/>\n\u0161\u00ed\u0159ka:&nbsp;&nbsp;<span style=\"color: rgb(0, 0, 139);\">600<\/span>&nbsp;&#8211;&nbsp;<span style=\"color: rgb(0, 0, 139);\">800<\/span>mm<br \/>\nv\u00fd\u0161ka:&nbsp;<span style=\"color: rgb(0, 0, 139);\">3000<\/span>mm<\/div>\n","protected":false},"excerpt":{"rendered":"<p>Materi\u00e1l: Hlin\u00edk, Povrchov\u00e1 \u00faprava: Eloxovan\u00fd, Glass t: 10-12, L: 3000, Hmotnos\u0165 kr\u00eddla (odpor\u00fa\u010dan\u00e1): 80kg, Kotvenie: Na stenu, Funkcia samozatv\u00e1rania: \u00c1no, Otvor v skle: Nie<\/p>\n","protected":false},"featured_media":0,"comment_status":"closed","ping_status":"open","template":"","meta":[],"product_brand":[],"product_cat":[15],"product_tag":[],"class_list":{"0":"post-14043","1":"product","2":"type-product","3":"status-publish","5":"product_cat-uncategorized","7":"first","8":"instock","9":"sale","10":"purchasable","11":"product-type-simple"},"_links":{"self":[{"href":"https:\/\/aramiso-test.verteco.app\/index.php?rest_route=\/wp\/v2\/product\/14043","targetHints":{"allow":["GET"]}}],"collection":[{"href":"https:\/\/aramiso-test.verteco.app\/index.php?rest_route=\/wp\/v2\/product"}],"about":[{"href":"https:\/\/aramiso-test.verteco.app\/index.php?rest_route=\/wp\/v2\/types\/product"}],"replies":[{"embeddable":true,"href":"https:\/\/aramiso-test.verteco.app\/index.php?rest_route=%2Fwp%2Fv2%2Fcomments&post=14043"}],"wp:attachment":[{"href":"https:\/\/aramiso-test.verteco.app\/index.php?rest_route=%2Fwp%2Fv2%2Fmedia&parent=14043"}],"wp:term":[{"taxonomy":"product_brand","embeddable":true,"href":"https:\/\/aramiso-test.verteco.app\/index.php?rest_route=%2Fwp%2Fv2%2Fproduct_brand&post=14043"},{"taxonomy":"product_cat","embeddable":true,"href":"https:\/\/aramiso-test.verteco.app\/index.php?rest_route=%2Fwp%2Fv2%2Fproduct_cat&post=14043"},{"taxonomy":"product_tag","embeddable":true,"href":"https:\/\/aramiso-test.verteco.app\/index.php?rest_route=%2Fwp%2Fv2%2Fproduct_tag&post=14043"}],"curies":[{"name":"wp","href":"https:\/\/api.w.org\/{rel}","templated":true}]}}