{"id":14033,"date":"2025-10-26T12:36:09","date_gmt":"2025-10-26T12:36:09","guid":{"rendered":"https:\/\/aramiso-test.verteco.app\/?product=branka-1kr-2d-box-znpvc-1000x1200mm-ral6005-zelena"},"modified":"2025-10-26T12:36:11","modified_gmt":"2025-10-26T12:36:11","slug":"branka-1kr-2d-box-znpvc-1000x1200mm-ral6005-zelena","status":"publish","type":"product","link":"https:\/\/aramiso-test.verteco.app\/?product=branka-1kr-2d-box-znpvc-1000x1200mm-ral6005-zelena","title":{"rendered":"Br\u00e1nka 1kr. 2D BOX ZnPVC 1000x1200mm RAL6005 zelen\u00e1"},"content":{"rendered":"","protected":false},"excerpt":{"rendered":"<p>V\u00fdpl\u0148 br\u00e1nky tvor\u00ed zv\u00e1ran\u00fd panel 2D 5\/4\/5 s rozmerom oka 200x50mm. V\u00fd\u0161ka br\u00e1nky 1200mm. \u0160\u00edrka br\u00e1nky 1000mm (samostatn\u00e9 kr\u00eddlo br\u00e1nky 900mm). Profil r\u00e1mu 40x40x1,5mm.<br \/>\nV\u00fd\u0161ka st\u013apikov 1900mm. Profil st\u013apikov 60x60x2mm. Povrchov\u00e1 \u00faprava: zinok +RAL 6005 zelen\u00e1.<br \/>\nS\u00fa\u010das\u0165ou balenia je aj kompletn\u00e1 z\u00e1mkov\u00e1 \u010das\u0165, cylindrick\u00e1 vlo\u017eka s k\u013e\u00fa\u010dom, doraz br\u00e1nky a k\u013eu\u010dka.<br \/>\nPre jednoduch\u00fa manipul\u00e1ciu s\u00fa st\u013apiky balen\u00e9 v krabici osobitne.<br \/>\nPrechodov\u00e1 \u0161\u00edrka 970mm.<\/p>\n","protected":false},"featured_media":0,"comment_status":"closed","ping_status":"open","template":"","meta":[],"product_brand":[],"product_cat":[15],"product_tag":[],"class_list":{"0":"post-14033","1":"product","2":"type-product","3":"status-publish","5":"product_cat-uncategorized","7":"first","8":"onbackorder","9":"sale","10":"purchasable","11":"product-type-simple"},"_links":{"self":[{"href":"https:\/\/aramiso-test.verteco.app\/index.php?rest_route=\/wp\/v2\/product\/14033","targetHints":{"allow":["GET"]}}],"collection":[{"href":"https:\/\/aramiso-test.verteco.app\/index.php?rest_route=\/wp\/v2\/product"}],"about":[{"href":"https:\/\/aramiso-test.verteco.app\/index.php?rest_route=\/wp\/v2\/types\/product"}],"replies":[{"embeddable":true,"href":"https:\/\/aramiso-test.verteco.app\/index.php?rest_route=%2Fwp%2Fv2%2Fcomments&post=14033"}],"wp:attachment":[{"href":"https:\/\/aramiso-test.verteco.app\/index.php?rest_route=%2Fwp%2Fv2%2Fmedia&parent=14033"}],"wp:term":[{"taxonomy":"product_brand","embeddable":true,"href":"https:\/\/aramiso-test.verteco.app\/index.php?rest_route=%2Fwp%2Fv2%2Fproduct_brand&post=14033"},{"taxonomy":"product_cat","embeddable":true,"href":"https:\/\/aramiso-test.verteco.app\/index.php?rest_route=%2Fwp%2Fv2%2Fproduct_cat&post=14033"},{"taxonomy":"product_tag","embeddable":true,"href":"https:\/\/aramiso-test.verteco.app\/index.php?rest_route=%2Fwp%2Fv2%2Fproduct_tag&post=14033"}],"curies":[{"name":"wp","href":"https:\/\/api.w.org\/{rel}","templated":true}]}}