{"id":14016,"date":"2025-10-26T12:35:01","date_gmt":"2025-10-26T12:35:01","guid":{"rendered":"https:\/\/aramiso-test.verteco.app\/?product=brana-2kr-square-znpvc-4000x1500mm-antracit"},"modified":"2025-10-26T12:35:09","modified_gmt":"2025-10-26T12:35:09","slug":"brana-2kr-square-znpvc-4000x1500mm-antracit","status":"publish","type":"product","link":"https:\/\/aramiso-test.verteco.app\/?product=brana-2kr-square-znpvc-4000x1500mm-antracit","title":{"rendered":"Br\u00e1na 2kr. SQUARE ZnPVC 4000x1500mm, antracit"},"content":{"rendered":"<div>\n<p><font face=\"\" size=\"3\">V\u00fdpl\u0148 br\u00e1ny zv\u00e1ran\u00e1 sie\u0165.Rozmer oka 200x50mm.Priemer dr\u00f4tu 4mm. Profil st\u013apikov 60x60x2mm.V\u00fd\u0161ka st\u013apikov 2000mm.Profil r\u00e1mu 40x40x1,5mm.Povrchov\u00e1 \u00faprava: ZN+RAL7016.S\u00fa\u010das\u0165ou balenia je z\u00e1mkova \u010das\u0165, k\u013eu\u010dka, z\u00e1str\u010d a stredov\u00fd doraz.<\/font><\/p>\n<p style=\"text-align: left; color: rgb(11, 64, 51); text-transform: none; text-indent: 0px; letter-spacing: normal; font-style: normal; font-weight: 100; word-spacing: 0px; white-space: normal; box-sizing: inherit; orphans: 2; widows: 2; background-color: rgb(248, 248, 248); font-variant-ligatures: normal; font-variant-caps: normal; -webkit-text-stroke-width: 0px; text-decoration-thickness: initial; text-decoration-style: initial; text-decoration-color: initial;\"><b style=\"font-weight: bold; box-sizing: inherit;\"><font face=\"\">VLASTNOSTI PRODUKTU<\/font><\/b><\/p>\n<p style=\"text-align: justify; color: rgb(11, 64, 51); text-transform: none; text-indent: 0px; letter-spacing: normal; font-style: normal; font-weight: 100; word-spacing: 0px; white-space: normal; box-sizing: inherit; orphans: 2; widows: 2; background-color: rgb(248, 248, 248); font-variant-ligatures: normal; font-variant-caps: normal; -webkit-text-stroke-width: 0px; text-decoration-thickness: initial; text-decoration-style: initial; text-decoration-color: initial;\"><font face=\"\">Na\u0161e kovov\u00e9 br\u00e1ny s\u00fa vyroben\u00e9 z odoln\u00fdch materi\u00e1lov, ktor\u00e9 zaru\u010duj\u00fa, \u017ee vydr\u017eia dlh\u00e9 roky. Elegantn\u00fd dizajn a jednoduch\u00fd vzh\u013ead t\u00fdchto br\u00e1n z nich rob\u00ed ide\u00e1lnu vo\u013ebu pre reziden\u010dn\u00e9 aj komer\u010dn\u00e9 nehnute\u013enosti. Ich mo\u017enosti vyu\u017eitia s\u00fa neobmedzen\u00e9 najm\u00e4 pre svoju \u013eahk\u00fa manipul\u00e1ciu, neru\u0161iv\u00fd dizajn a cenov\u00fa dostupnos\u0165.<\/font><\/p>\n<p style=\"text-align: center; color: rgb(11, 64, 51); text-transform: none; text-indent: 0px; letter-spacing: normal; font-style: normal; font-weight: 100; word-spacing: 0px; white-space: normal; box-sizing: inherit; orphans: 2; widows: 2; background-color: rgb(248, 248, 248); font-variant-ligatures: normal; font-variant-caps: normal; -webkit-text-stroke-width: 0px; text-decoration-thickness: initial; text-decoration-style: initial; text-decoration-color: initial;\"><font face=\"\"><img decoding=\"async\" style=\"border: 0px currentColor; border-image: none; width: 800px; height: auto; vertical-align: middle; max-width: 100%; box-sizing: inherit;\" alt=\"\" src=\"https:\/\/www.ekofence.sk\/images\/cfullsize\/popis_produktu\/obrazky\/zahradna-brana2kr.jpg\"><\/font><\/p>\n<p><font face=\"\"><br style=\"text-align: left; color: rgb(11, 64, 51); text-transform: none; text-indent: 0px; letter-spacing: normal; font-family: Ubuntu, sans-serif; font-size: 16px; font-style: normal; font-weight: 100; word-spacing: 0px; white-space: normal; box-sizing: inherit; orphans: 2; widows: 2; background-color: rgb(248, 248, 248); font-variant-ligatures: normal; font-variant-caps: normal; -webkit-text-stroke-width: 0px; text-decoration-thickness: initial; text-decoration-style: initial; text-decoration-color: initial;\"><\/font><\/p>\n<p style=\"text-align: left; color: rgb(11, 64, 51); text-transform: none; text-indent: 0px; letter-spacing: normal; font-style: normal; font-weight: 100; word-spacing: 0px; white-space: normal; box-sizing: inherit; orphans: 2; widows: 2; background-color: rgb(248, 248, 248); font-variant-ligatures: normal; font-variant-caps: normal; -webkit-text-stroke-width: 0px; text-decoration-thickness: initial; text-decoration-style: initial; text-decoration-color: initial;\"><b style=\"font-weight: bold; box-sizing: inherit;\"><font face=\"\">DETAILY PRODUKTU<\/font><\/b><\/p>\n<p style=\"text-align: justify; color: rgb(11, 64, 51); text-transform: none; text-indent: 0px; letter-spacing: normal; font-style: normal; font-weight: 100; word-spacing: 0px; white-space: normal; box-sizing: inherit; orphans: 2; widows: 2; background-color: rgb(248, 248, 248); font-variant-ligatures: normal; font-variant-caps: normal; -webkit-text-stroke-width: 0px; text-decoration-thickness: initial; text-decoration-style: initial; text-decoration-color: initial;\"><font face=\"\">Jedn\u00fdm z hlavn\u00fdch prvkov tejto br\u00e1ny je v\u00fdpl\u0148 tvoren\u00e1 zv\u00e1ranou sie\u0165ou, ktor\u00e1 poskytuje dostato\u010dn\u00fa pevnos\u0165 a odolnos\u0165. V\u00fdpl\u0148 zachov\u00e1va estetiku a transparentnos\u0165, no tie\u017e prispieva k priepustnosti vzduchu a svetla, \u010do je d\u00f4le\u017eit\u00e9 najm\u00e4 pre z\u00e1hradn\u00e9 prostredie.<br style=\"box-sizing: inherit;\"><br style=\"box-sizing: inherit;\">Br\u00e1ny s\u00fa pozinkovan\u00e9 a striekan\u00e9 pr\u00e1\u0161kovou farbou, ktor\u00e1 zaru\u010duje dlhodob\u00fa ochranu pred kor\u00f3ziou a poveternostn\u00fdmi vplyvmi. Jej bez\u00fadr\u017ebovos\u0165, odolnos\u0165 z nej rob\u00ed praktick\u00fa vo\u013ebu pre mnoh\u00fdch.<br style=\"box-sizing: inherit;\">Z na\u0161ej ponuky si m\u00f4\u017eete vybra\u0165 farebn\u00e9 varianty: zelen\u00e1 RAL6005 a antracit RAL7016. Br\u00e1ny pon\u00fakame vo v\u00fd\u0161ke 1500 mm, 1800 mm a 2000 mm. \u0160\u00edrka br\u00e1ny je 4000 mm. Pred in\u0161tal\u00e1ciou br\u00e1ny si pros\u00edm skontrolujte prechodov\u00e9 a osov\u00e9 rozmery, ktor\u00e9 sa m\u00f4\u017eu l\u00ed\u0161i\u0165 v z\u00e1vislosti od typu kr\u00eddla, z\u00e1vesov a z\u00e1mkovej \u010dasti. S\u00fa\u010das\u0165ou br\u00e1ny je aj kompletn\u00e1 z\u00e1mkov\u00e1 \u010das\u0165, k\u013eu\u010dka, cylinder s k\u013e\u00fa\u010dmi, doraz, z\u00e1str\u010d br\u00e1ny a p\u00e1nty.<\/font><\/p>\n<p><font face=\"\"><br style=\"text-align: left; color: rgb(11, 64, 51); text-transform: none; text-indent: 0px; letter-spacing: normal; font-family: Ubuntu, sans-serif; font-size: 16px; font-style: normal; font-weight: 100; word-spacing: 0px; white-space: normal; box-sizing: inherit; orphans: 2; widows: 2; background-color: rgb(248, 248, 248); font-variant-ligatures: normal; font-variant-caps: normal; -webkit-text-stroke-width: 0px; text-decoration-thickness: initial; text-decoration-style: initial; text-decoration-color: initial;\"><\/font><\/p>\n<p style=\"text-align: left; color: rgb(11, 64, 51); text-transform: none; text-indent: 0px; letter-spacing: normal; font-style: normal; font-weight: 100; word-spacing: 0px; white-space: normal; box-sizing: inherit; orphans: 2; widows: 2; background-color: rgb(248, 248, 248); font-variant-ligatures: normal; font-variant-caps: normal; -webkit-text-stroke-width: 0px; text-decoration-thickness: initial; text-decoration-style: initial; text-decoration-color: initial;\"><b style=\"font-weight: bold; box-sizing: inherit;\"><font face=\"\">DOPLNKOV\u00c9 INFORM\u00c1CIE<\/font><\/b><\/p>\n<p style=\"text-align: justify; color: rgb(11, 64, 51); text-transform: none; text-indent: 0px; letter-spacing: normal; font-style: normal; font-weight: 100; word-spacing: 0px; white-space: normal; box-sizing: inherit; orphans: 2; widows: 2; background-color: rgb(248, 248, 248); font-variant-ligatures: normal; font-variant-caps: normal; -webkit-text-stroke-width: 0px; text-decoration-thickness: initial; text-decoration-style: initial; text-decoration-color: initial;\"><font face=\"\">Pri mont\u00e1\u017ei oplotenia na st\u013apik br\u00e1ny odpor\u00fa\u010dame pou\u017ei\u0165 pr\u00edchytku typu Strong.<\/font><\/p>\n<p style=\"text-align: center; color: rgb(11, 64, 51); text-transform: none; text-indent: 0px; letter-spacing: normal; font-style: normal; font-weight: 100; word-spacing: 0px; white-space: normal; box-sizing: inherit; orphans: 2; widows: 2; background-color: rgb(248, 248, 248); font-variant-ligatures: normal; font-variant-caps: normal; -webkit-text-stroke-width: 0px; text-decoration-thickness: initial; text-decoration-style: initial; text-decoration-color: initial;\"><font face=\"\"><img decoding=\"async\" style=\"border: 0px currentColor; border-image: none; width: 600px; height: auto; vertical-align: middle; max-width: 100%; box-sizing: inherit;\" alt=\"\" src=\"https:\/\/www.ekofence.sk\/images\/cfullsize\/popis_produktu\/obrazky\/boxdetail01.jpg\"><\/font><\/p>\n<p style=\"text-align: justify; color: rgb(11, 64, 51); text-transform: none; text-indent: 0px; letter-spacing: normal; font-style: normal; font-weight: 100; word-spacing: 0px; white-space: normal; box-sizing: inherit; orphans: 2; widows: 2; background-color: rgb(248, 248, 248); font-variant-ligatures: normal; font-variant-caps: normal; -webkit-text-stroke-width: 0px; text-decoration-thickness: initial; text-decoration-style: initial; text-decoration-color: initial;\"><font face=\"\" size=\"3\">Br\u00e1na je dod\u00e1van\u00e1 s pred\u013a\u017een\u00fdmi st\u013apikmi, ktor\u00e9 pri bet\u00f3novan\u00ed do zeme poskytn\u00fa dostato\u010dn\u00fa stabilitu.<br style=\"box-sizing: inherit;\"><br style=\"box-sizing: inherit;\">Nech u\u017e h\u013ead\u00e1te estetick\u00e9 doplnenie pre va\u0161u z\u00e1hradu alebo praktick\u00e9 rie\u0161enie pre v\u00e1\u0161 pozemok, oce\u013eov\u00e1 br\u00e1na je skvelou vo\u013ebou.<\/font><\/p>\n<\/div>\n","protected":false},"excerpt":{"rendered":"<p>V\u00fdpl\u0148 br\u00e1ny zv\u00e1ran\u00e1 sie\u0165.Rozmer oka 200x50mm.Priemer dr\u00f4tu 4mm. Profil st\u013apikov 60x60x2mm.V\u00fd\u0161ka st\u013apikov 2000mm.Profil r\u00e1mu 40x40x1,5mm.Povrchov\u00e1 \u00faprava: ZN+RAL7016.S\u00fa\u010das\u0165ou balenia je z\u00e1mkova \u010das\u0165, k\u013eu\u010dka, z\u00e1str\u010d a stredov\u00fd doraz. VLASTNOSTI PRODUKTU Na\u0161e kovov\u00e9 br\u00e1ny s\u00fa vyroben\u00e9 z odoln\u00fdch materi\u00e1lov, ktor\u00e9 zaru\u010duj\u00fa, \u017ee vydr\u017eia dlh\u00e9 roky. Elegantn\u00fd dizajn a jednoduch\u00fd vzh\u013ead t\u00fdchto br\u00e1n z nich rob\u00ed ide\u00e1lnu vo\u013ebu pre [&hellip;]<\/p>\n","protected":false},"featured_media":0,"comment_status":"closed","ping_status":"open","template":"","meta":[],"product_brand":[],"product_cat":[15],"product_tag":[],"class_list":{"0":"post-14016","1":"product","2":"type-product","3":"status-publish","5":"product_cat-uncategorized","7":"first","8":"onbackorder","9":"sale","10":"purchasable","11":"product-type-simple"},"_links":{"self":[{"href":"https:\/\/aramiso-test.verteco.app\/index.php?rest_route=\/wp\/v2\/product\/14016","targetHints":{"allow":["GET"]}}],"collection":[{"href":"https:\/\/aramiso-test.verteco.app\/index.php?rest_route=\/wp\/v2\/product"}],"about":[{"href":"https:\/\/aramiso-test.verteco.app\/index.php?rest_route=\/wp\/v2\/types\/product"}],"replies":[{"embeddable":true,"href":"https:\/\/aramiso-test.verteco.app\/index.php?rest_route=%2Fwp%2Fv2%2Fcomments&post=14016"}],"wp:attachment":[{"href":"https:\/\/aramiso-test.verteco.app\/index.php?rest_route=%2Fwp%2Fv2%2Fmedia&parent=14016"}],"wp:term":[{"taxonomy":"product_brand","embeddable":true,"href":"https:\/\/aramiso-test.verteco.app\/index.php?rest_route=%2Fwp%2Fv2%2Fproduct_brand&post=14016"},{"taxonomy":"product_cat","embeddable":true,"href":"https:\/\/aramiso-test.verteco.app\/index.php?rest_route=%2Fwp%2Fv2%2Fproduct_cat&post=14016"},{"taxonomy":"product_tag","embeddable":true,"href":"https:\/\/aramiso-test.verteco.app\/index.php?rest_route=%2Fwp%2Fv2%2Fproduct_tag&post=14016"}],"curies":[{"name":"wp","href":"https:\/\/api.w.org\/{rel}","templated":true}]}}