{"id":14015,"date":"2025-10-26T12:35:01","date_gmt":"2025-10-26T12:35:01","guid":{"rendered":"https:\/\/aramiso-test.verteco.app\/?product=brana-2kr-round-znpvc-4000x1500mm-d75mm-zelena"},"modified":"2025-10-26T12:35:09","modified_gmt":"2025-10-26T12:35:09","slug":"brana-2kr-round-znpvc-4000x1500mm-d75mm-zelena","status":"publish","type":"product","link":"https:\/\/aramiso-test.verteco.app\/?product=brana-2kr-round-znpvc-4000x1500mm-d75mm-zelena","title":{"rendered":"Br\u00e1na 2kr. ROUND ZnPVC 4000x1500mm, D75mm, zelen\u00e1"},"content":{"rendered":"","protected":false},"excerpt":{"rendered":"<p>V\u00fdpl\u0148 br\u00e1ny je zv\u00e1ran\u00e1 sie\u0165. Ve\u013ekos\u0165 oka 50x50mm. Priemer dr\u00f4tu D 4mm. Priemer st\u013apikov D 75mm. V\u00fd\u0161ka st\u013apikov 2000mm. Hr\u00fabka steny st\u013apikov 2,0mm.Povrchov\u00e1 \u00faprava: zinok + RAL6005 zelen\u00e1. S\u00fa\u010das\u0165ou balenia je aj z\u00e1mkova \u010das\u0165 a k\u013eu\u010dka.<\/p>\n","protected":false},"featured_media":0,"comment_status":"closed","ping_status":"open","template":"","meta":[],"product_brand":[],"product_cat":[15],"product_tag":[],"class_list":{"0":"post-14015","1":"product","2":"type-product","3":"status-publish","5":"product_cat-uncategorized","7":"first","8":"onbackorder","9":"sale","10":"purchasable","11":"product-type-simple"},"_links":{"self":[{"href":"https:\/\/aramiso-test.verteco.app\/index.php?rest_route=\/wp\/v2\/product\/14015","targetHints":{"allow":["GET"]}}],"collection":[{"href":"https:\/\/aramiso-test.verteco.app\/index.php?rest_route=\/wp\/v2\/product"}],"about":[{"href":"https:\/\/aramiso-test.verteco.app\/index.php?rest_route=\/wp\/v2\/types\/product"}],"replies":[{"embeddable":true,"href":"https:\/\/aramiso-test.verteco.app\/index.php?rest_route=%2Fwp%2Fv2%2Fcomments&post=14015"}],"wp:attachment":[{"href":"https:\/\/aramiso-test.verteco.app\/index.php?rest_route=%2Fwp%2Fv2%2Fmedia&parent=14015"}],"wp:term":[{"taxonomy":"product_brand","embeddable":true,"href":"https:\/\/aramiso-test.verteco.app\/index.php?rest_route=%2Fwp%2Fv2%2Fproduct_brand&post=14015"},{"taxonomy":"product_cat","embeddable":true,"href":"https:\/\/aramiso-test.verteco.app\/index.php?rest_route=%2Fwp%2Fv2%2Fproduct_cat&post=14015"},{"taxonomy":"product_tag","embeddable":true,"href":"https:\/\/aramiso-test.verteco.app\/index.php?rest_route=%2Fwp%2Fv2%2Fproduct_tag&post=14015"}],"curies":[{"name":"wp","href":"https:\/\/api.w.org\/{rel}","templated":true}]}}