{"id":14013,"date":"2025-10-26T12:35:01","date_gmt":"2025-10-26T12:35:01","guid":{"rendered":"https:\/\/aramiso-test.verteco.app\/?product=brana-2kr-2d-box-znpvc-4000x1500mm-ral6005-zelena"},"modified":"2025-10-26T12:35:08","modified_gmt":"2025-10-26T12:35:08","slug":"brana-2kr-2d-box-znpvc-4000x1500mm-ral6005-zelena","status":"publish","type":"product","link":"https:\/\/aramiso-test.verteco.app\/?product=brana-2kr-2d-box-znpvc-4000x1500mm-ral6005-zelena","title":{"rendered":"Br\u00e1na 2kr. 2D BOX ZnPVC 4000x1500mm RAL6005 zelen\u00e1"},"content":{"rendered":"<div>V\u00fdpl\u0148 br\u00e1ny tvor\u00ed zv\u00e1ran\u00fd panel 2D 5\/4\/5 s rozmerom oka 200x50mm. V\u00fd\u0161ka br\u00e1ny 1500mm. \u0160\u00edrka br\u00e1nky 4000mm (samostatn\u00e9 kr\u00eddla br\u00e1ny 2 x 1900mm). Profil r\u00e1mu 40x40x1,5mm. <br \/>V\u00fd\u0161ka st\u013apikov 2200mm. Profil st\u013apikov 80x60x2mm. Povrchov\u00e1 \u00faprava: zinok +RAL 6005 zelen\u00e1.<br \/>S\u00fa\u010das\u0165ou balenia je aj kompletn\u00e1 z\u00e1mkov\u00e1 \u010das\u0165, cylindrick\u00e1 vlo\u017eka s k\u013e\u00fa\u010dom, doraz br\u00e1nky a k\u013eu\u010dka. <br \/>Pre jednoduch\u00fa manipul\u00e1ciu s\u00fa st\u013apiky balen\u00e9 v krabici osobitne.<\/div>\n","protected":false},"excerpt":{"rendered":"<p>V\u00fdpl\u0148 br\u00e1ny tvor\u00ed zv\u00e1ran\u00fd panel 2D 5\/4\/5 s rozmerom oka 200x50mm. V\u00fd\u0161ka br\u00e1ny 1500mm. \u0160\u00edrka br\u00e1nky 4000mm (samostatn\u00e9 kr\u00eddla br\u00e1ny 2 x 1900mm). Profil r\u00e1mu 40x40x1,5mm. V\u00fd\u0161ka st\u013apikov 2200mm. Profil st\u013apikov 80x60x2mm. Povrchov\u00e1 \u00faprava: zinok +RAL 6005 zelen\u00e1.S\u00fa\u010das\u0165ou balenia je aj kompletn\u00e1 z\u00e1mkov\u00e1 \u010das\u0165, cylindrick\u00e1 vlo\u017eka s k\u013e\u00fa\u010dom, doraz br\u00e1nky a k\u013eu\u010dka. Pre jednoduch\u00fa manipul\u00e1ciu [&hellip;]<\/p>\n","protected":false},"featured_media":0,"comment_status":"closed","ping_status":"open","template":"","meta":[],"product_brand":[],"product_cat":[15],"product_tag":[],"class_list":{"0":"post-14013","1":"product","2":"type-product","3":"status-publish","5":"product_cat-uncategorized","7":"first","8":"onbackorder","9":"sale","10":"purchasable","11":"product-type-simple"},"_links":{"self":[{"href":"https:\/\/aramiso-test.verteco.app\/index.php?rest_route=\/wp\/v2\/product\/14013","targetHints":{"allow":["GET"]}}],"collection":[{"href":"https:\/\/aramiso-test.verteco.app\/index.php?rest_route=\/wp\/v2\/product"}],"about":[{"href":"https:\/\/aramiso-test.verteco.app\/index.php?rest_route=\/wp\/v2\/types\/product"}],"replies":[{"embeddable":true,"href":"https:\/\/aramiso-test.verteco.app\/index.php?rest_route=%2Fwp%2Fv2%2Fcomments&post=14013"}],"wp:attachment":[{"href":"https:\/\/aramiso-test.verteco.app\/index.php?rest_route=%2Fwp%2Fv2%2Fmedia&parent=14013"}],"wp:term":[{"taxonomy":"product_brand","embeddable":true,"href":"https:\/\/aramiso-test.verteco.app\/index.php?rest_route=%2Fwp%2Fv2%2Fproduct_brand&post=14013"},{"taxonomy":"product_cat","embeddable":true,"href":"https:\/\/aramiso-test.verteco.app\/index.php?rest_route=%2Fwp%2Fv2%2Fproduct_cat&post=14013"},{"taxonomy":"product_tag","embeddable":true,"href":"https:\/\/aramiso-test.verteco.app\/index.php?rest_route=%2Fwp%2Fv2%2Fproduct_tag&post=14013"}],"curies":[{"name":"wp","href":"https:\/\/api.w.org\/{rel}","templated":true}]}}