{"id":14009,"date":"2025-10-26T12:34:31","date_gmt":"2025-10-26T12:34:31","guid":{"rendered":"https:\/\/aramiso-test.verteco.app\/?product=zvarany-plotovy-panel-3d-znpvc-2500x1230x5mm-antracit"},"modified":"2025-10-26T12:34:38","modified_gmt":"2025-10-26T12:34:38","slug":"zvarany-plotovy-panel-3d-znpvc-2500x1230x5mm-antracit","status":"publish","type":"product","link":"https:\/\/aramiso-test.verteco.app\/?product=zvarany-plotovy-panel-3d-znpvc-2500x1230x5mm-antracit","title":{"rendered":"Zv\u00e1ran\u00fd plotov\u00fd panel 3D ZnPVC 2500x1230x5mm antracit"},"content":{"rendered":"<div>Rozmer panela: 2500 x 1230 mm.<br \/>Priemer dr\u00f4tu: 5 mm.<br \/>Ve\u013ekos\u0165 oka: 200 x 50 mm.<br \/>Povrchov\u00e1 \u00faprava: Zn + RAL7016 antracit.<\/div>\n<div><\/div>\n<div><\/div>\n<div><span style=\"color: rgba(0, 0, 0, 0.87); text-transform: none; text-indent: 0px; letter-spacing: 0.14px; font-family: Montserrat, Arial, sans-serif; font-size: 14px; font-style: normal; font-weight: 400; word-spacing: 0px; float: none; display: inline !important; white-space: normal; orphans: 2; widows: 2; background-color: rgb(255, 255, 255); font-variant-ligatures: normal; font-variant-caps: normal; -webkit-text-stroke-width: 0px; text-decoration-thickness: initial; text-decoration-style: initial; text-decoration-color: initial;\"><font face=\"Times New Roman\" size=\"3\">Na vetern\u00fdch miestach nedoporu\u010dujeme in\u0161tal\u00e1ciu tieniacej techniky na tento typ oplotenia z d\u00f4vodu mo\u017en\u00e9ho po\u0161kodenia pri silnom n\u00e1razovom vetre. Mont\u00e1\u017e iba na z\u00e1kazn\u00edkovu zodpovednos\u0165.<\/font><\/span><\/div>\n","protected":false},"excerpt":{"rendered":"<p>Rozmer panela: 2500 x 1230 mm.Priemer dr\u00f4tu: 5 mm.Ve\u013ekos\u0165 oka: 200 x 50 mm.Povrchov\u00e1 \u00faprava: Zn + RAL7016 antracit. Na vetern\u00fdch miestach nedoporu\u010dujeme in\u0161tal\u00e1ciu tieniacej techniky na tento typ oplotenia z d\u00f4vodu mo\u017en\u00e9ho po\u0161kodenia pri silnom n\u00e1razovom vetre. Mont\u00e1\u017e iba na z\u00e1kazn\u00edkovu zodpovednos\u0165.<\/p>\n","protected":false},"featured_media":0,"comment_status":"closed","ping_status":"open","template":"","meta":[],"product_brand":[],"product_cat":[15],"product_tag":[],"class_list":{"0":"post-14009","1":"product","2":"type-product","3":"status-publish","5":"product_cat-uncategorized","7":"first","8":"onbackorder","9":"sale","10":"purchasable","11":"product-type-simple"},"_links":{"self":[{"href":"https:\/\/aramiso-test.verteco.app\/index.php?rest_route=\/wp\/v2\/product\/14009","targetHints":{"allow":["GET"]}}],"collection":[{"href":"https:\/\/aramiso-test.verteco.app\/index.php?rest_route=\/wp\/v2\/product"}],"about":[{"href":"https:\/\/aramiso-test.verteco.app\/index.php?rest_route=\/wp\/v2\/types\/product"}],"replies":[{"embeddable":true,"href":"https:\/\/aramiso-test.verteco.app\/index.php?rest_route=%2Fwp%2Fv2%2Fcomments&post=14009"}],"wp:attachment":[{"href":"https:\/\/aramiso-test.verteco.app\/index.php?rest_route=%2Fwp%2Fv2%2Fmedia&parent=14009"}],"wp:term":[{"taxonomy":"product_brand","embeddable":true,"href":"https:\/\/aramiso-test.verteco.app\/index.php?rest_route=%2Fwp%2Fv2%2Fproduct_brand&post=14009"},{"taxonomy":"product_cat","embeddable":true,"href":"https:\/\/aramiso-test.verteco.app\/index.php?rest_route=%2Fwp%2Fv2%2Fproduct_cat&post=14009"},{"taxonomy":"product_tag","embeddable":true,"href":"https:\/\/aramiso-test.verteco.app\/index.php?rest_route=%2Fwp%2Fv2%2Fproduct_tag&post=14009"}],"curies":[{"name":"wp","href":"https:\/\/api.w.org\/{rel}","templated":true}]}}