{"id":13998,"date":"2025-10-26T12:28:43","date_gmt":"2025-10-26T12:28:43","guid":{"rendered":"https:\/\/aramiso-test.verteco.app\/?product=drziak-vyplne-skla-161"},"modified":"2025-10-26T12:28:44","modified_gmt":"2025-10-26T12:28:44","slug":"drziak-vyplne-skla-161","status":"publish","type":"product","link":"https:\/\/aramiso-test.verteco.app\/?product=drziak-vyplne-skla-161","title":{"rendered":"Dr\u017eiak v\u00fdplne skla"},"content":{"rendered":"<p>Drziak vyplne skla (plechu, tabu\u013eovej vyplne). Dr\u017eanie skla (poistenie vo\u010di vypadnutiu): zverny spoj (doporucene pouzitie pri vrchnom kotveni) alebo zverny spoj + kolik (doporucene pouzitie pre bocne kotvenie) alebo zverny spoj + bezpe\u010dnostn\u00e1 platnicka (doporucene pouzitie pre bocne kotvenie). Dr\u017eiak neobsahuje tesnenie (nutnost dokupit 2ks tesneni podla hrubky skla) a krytky pre skrutky.<\/p>\n","protected":false},"excerpt":{"rendered":"<p>Materi\u00e1l: ZAMAK zliatina, Povrchov\u00e1 \u00faprava: Brus, Glass t: 8\/8,76\/10\/10,76\/12\/12,76, St\u013apik: flat, Model: Model 26<\/p>\n","protected":false},"featured_media":0,"comment_status":"closed","ping_status":"open","template":"","meta":[],"product_brand":[],"product_cat":[15],"product_tag":[],"class_list":{"0":"post-13998","1":"product","2":"type-product","3":"status-publish","5":"product_cat-uncategorized","7":"first","8":"instock","9":"sale","10":"purchasable","11":"product-type-simple"},"_links":{"self":[{"href":"https:\/\/aramiso-test.verteco.app\/index.php?rest_route=\/wp\/v2\/product\/13998","targetHints":{"allow":["GET"]}}],"collection":[{"href":"https:\/\/aramiso-test.verteco.app\/index.php?rest_route=\/wp\/v2\/product"}],"about":[{"href":"https:\/\/aramiso-test.verteco.app\/index.php?rest_route=\/wp\/v2\/types\/product"}],"replies":[{"embeddable":true,"href":"https:\/\/aramiso-test.verteco.app\/index.php?rest_route=%2Fwp%2Fv2%2Fcomments&post=13998"}],"wp:attachment":[{"href":"https:\/\/aramiso-test.verteco.app\/index.php?rest_route=%2Fwp%2Fv2%2Fmedia&parent=13998"}],"wp:term":[{"taxonomy":"product_brand","embeddable":true,"href":"https:\/\/aramiso-test.verteco.app\/index.php?rest_route=%2Fwp%2Fv2%2Fproduct_brand&post=13998"},{"taxonomy":"product_cat","embeddable":true,"href":"https:\/\/aramiso-test.verteco.app\/index.php?rest_route=%2Fwp%2Fv2%2Fproduct_cat&post=13998"},{"taxonomy":"product_tag","embeddable":true,"href":"https:\/\/aramiso-test.verteco.app\/index.php?rest_route=%2Fwp%2Fv2%2Fproduct_tag&post=13998"}],"curies":[{"name":"wp","href":"https:\/\/api.w.org\/{rel}","templated":true}]}}