{"id":13994,"date":"2025-10-26T12:24:46","date_gmt":"2025-10-26T12:24:46","guid":{"rendered":"https:\/\/aramiso-test.verteco.app\/?product=nice-pohon-pre-dvojkridlovu-branu"},"modified":"2025-10-26T12:24:51","modified_gmt":"2025-10-26T12:24:51","slug":"nice-pohon-pre-dvojkridlovu-branu","status":"publish","type":"product","link":"https:\/\/aramiso-test.verteco.app\/?product=nice-pohon-pre-dvojkridlovu-branu","title":{"rendered":"Nice pohon pre dvojkr\u00eddlov\u00fa br\u00e1nu"},"content":{"rendered":"","protected":false},"excerpt":{"rendered":"<p>Zna\u010dka: Nice, Typ k\u00f3du: Rolling, Nap\u00e1janie motora: DC 24V, Nap\u00e1janie: AC 230V, Typ: \u0161nekov\u00e9, Riadiaca jednotka: MCA2R10<\/p>\n","protected":false},"featured_media":0,"comment_status":"closed","ping_status":"open","template":"","meta":[],"product_brand":[],"product_cat":[15],"product_tag":[],"class_list":{"0":"post-13994","1":"product","2":"type-product","3":"status-publish","5":"product_cat-uncategorized","7":"first","8":"onbackorder","9":"sale","10":"purchasable","11":"product-type-simple"},"_links":{"self":[{"href":"https:\/\/aramiso-test.verteco.app\/index.php?rest_route=\/wp\/v2\/product\/13994","targetHints":{"allow":["GET"]}}],"collection":[{"href":"https:\/\/aramiso-test.verteco.app\/index.php?rest_route=\/wp\/v2\/product"}],"about":[{"href":"https:\/\/aramiso-test.verteco.app\/index.php?rest_route=\/wp\/v2\/types\/product"}],"replies":[{"embeddable":true,"href":"https:\/\/aramiso-test.verteco.app\/index.php?rest_route=%2Fwp%2Fv2%2Fcomments&post=13994"}],"wp:attachment":[{"href":"https:\/\/aramiso-test.verteco.app\/index.php?rest_route=%2Fwp%2Fv2%2Fmedia&parent=13994"}],"wp:term":[{"taxonomy":"product_brand","embeddable":true,"href":"https:\/\/aramiso-test.verteco.app\/index.php?rest_route=%2Fwp%2Fv2%2Fproduct_brand&post=13994"},{"taxonomy":"product_cat","embeddable":true,"href":"https:\/\/aramiso-test.verteco.app\/index.php?rest_route=%2Fwp%2Fv2%2Fproduct_cat&post=13994"},{"taxonomy":"product_tag","embeddable":true,"href":"https:\/\/aramiso-test.verteco.app\/index.php?rest_route=%2Fwp%2Fv2%2Fproduct_tag&post=13994"}],"curies":[{"name":"wp","href":"https:\/\/api.w.org\/{rel}","templated":true}]}}