{"id":13988,"date":"2025-10-26T12:20:57","date_gmt":"2025-10-26T12:20:57","guid":{"rendered":"https:\/\/aramiso-test.verteco.app\/?product=profil-dverovy-l-30x30x45x15-l6000mm"},"modified":"2025-10-26T12:20:59","modified_gmt":"2025-10-26T12:20:59","slug":"profil-dverovy-l-30x30x45x15-l6000mm","status":"publish","type":"product","link":"https:\/\/aramiso-test.verteco.app\/?product=profil-dverovy-l-30x30x45x15-l6000mm","title":{"rendered":"Profil dverov\u00fd L, 30x30x45x1,5, L6000mm"},"content":{"rendered":"<div>\n<p>Joklov\u00fd dut\u00fd \u0165ahan\u00fd uzavret\u00fd L profil ur\u010den\u00fd pre dvere, okn\u00e1 a br\u00e1ny. Vhodn\u00fd pre v\u00fdrobu br\u00e1ny s v\u00fdpl\u0148ou \u0165ahokov.<br \/>Vyzna\u010duje sa vysokou pevnos\u0165ou, presn\u00fdmi rozmermi a jednoduchou spracovate\u013enos\u0165ou zv\u00e1ran\u00edm alebo skrutkovan\u00edm.<\/p>\n<p>Materi\u00e1l: oce\u013e<br \/>Tvar: L profil \u2013 \u0161peci\u00e1lne ur\u010den\u00fd pre r\u00e1mov\u00e9 kon\u0161trukcie dver\u00ed<br \/>Rozmery: 30 \u00d7 30 \u00d7 45 mm<br \/>Hr\u00fabka steny: 1,5 mm<br \/>D\u013a\u017eka profilu: 6000 mm<br \/>Povrchov\u00e1 \u00faprava: surov\u00e1 oce\u013e (mo\u017enos\u0165 povrchovej \u00fapravy \u2013 pozinkovanie, n\u00e1ter)<\/p>\n<p>Pou\u017eitie:<br \/>r\u00e1mov\u00e9 dvere a br\u00e1ny<br \/>kovov\u00e9 kon\u0161trukcie<br \/>plotov\u00e9 dielce<br \/>r\u00f4zne technick\u00e9 a stavebn\u00e9 aplik\u00e1cie<\/p>\n<p>V\u00fdhodou profilu je jeho univerz\u00e1lnos\u0165, stabilita a jednoduch\u00e9 prisp\u00f4sobenie pri mont\u00e1\u017ei.<\/p>\n<p data-end=\"829\" data-start=\"739\">\n<\/div>\n","protected":false},"excerpt":{"rendered":"<p>Materi\u00e1l: Oce\u013e, Povrchov\u00e1 \u00faprava: Natural<\/p>\n","protected":false},"featured_media":0,"comment_status":"closed","ping_status":"open","template":"","meta":[],"product_brand":[],"product_cat":[15],"product_tag":[],"class_list":{"0":"post-13988","1":"product","2":"type-product","3":"status-publish","5":"product_cat-uncategorized","7":"first","8":"onbackorder","9":"sale","10":"purchasable","11":"product-type-simple"},"_links":{"self":[{"href":"https:\/\/aramiso-test.verteco.app\/index.php?rest_route=\/wp\/v2\/product\/13988","targetHints":{"allow":["GET"]}}],"collection":[{"href":"https:\/\/aramiso-test.verteco.app\/index.php?rest_route=\/wp\/v2\/product"}],"about":[{"href":"https:\/\/aramiso-test.verteco.app\/index.php?rest_route=\/wp\/v2\/types\/product"}],"replies":[{"embeddable":true,"href":"https:\/\/aramiso-test.verteco.app\/index.php?rest_route=%2Fwp%2Fv2%2Fcomments&post=13988"}],"wp:attachment":[{"href":"https:\/\/aramiso-test.verteco.app\/index.php?rest_route=%2Fwp%2Fv2%2Fmedia&parent=13988"}],"wp:term":[{"taxonomy":"product_brand","embeddable":true,"href":"https:\/\/aramiso-test.verteco.app\/index.php?rest_route=%2Fwp%2Fv2%2Fproduct_brand&post=13988"},{"taxonomy":"product_cat","embeddable":true,"href":"https:\/\/aramiso-test.verteco.app\/index.php?rest_route=%2Fwp%2Fv2%2Fproduct_cat&post=13988"},{"taxonomy":"product_tag","embeddable":true,"href":"https:\/\/aramiso-test.verteco.app\/index.php?rest_route=%2Fwp%2Fv2%2Fproduct_tag&post=13988"}],"curies":[{"name":"wp","href":"https:\/\/api.w.org\/{rel}","templated":true}]}}