{"id":13986,"date":"2025-10-26T12:20:57","date_gmt":"2025-10-26T12:20:57","guid":{"rendered":"https:\/\/aramiso-test.verteco.app\/?product=ocelovy-profil-obdlznikovy-40x30x25"},"modified":"2025-10-26T12:20:59","modified_gmt":"2025-10-26T12:20:59","slug":"ocelovy-profil-obdlznikovy-40x30x25","status":"publish","type":"product","link":"https:\/\/aramiso-test.verteco.app\/?product=ocelovy-profil-obdlznikovy-40x30x25","title":{"rendered":"Oce\u013eov\u00fd profil &#8211; obd\u013a\u017enikov\u00fd, 40x30x2,5"},"content":{"rendered":"<div>\n<p>Robustn\u00fd obd\u013a\u017enikov\u00fd profil z kon\u0161truk\u010dnej ocele triedy S235 je ide\u00e1lny pre r\u00f4zne stavebn\u00e9 a z\u00e1mo\u010dn\u00edcke projekty. V\u010faka vysokej pevnosti a odolnosti je vhodn\u00fd na v\u00fdrobu nosn\u00fdch kon\u0161trukci\u00ed, r\u00e1mov, br\u00e1n, plotov \u010di priemyseln\u00fdch zariaden\u00ed.<\/p>\n<p>Hlavn\u00e9 vlastnosti:<br \/>Materi\u00e1l: kon\u0161truk\u010dn\u00e1 oce\u013e S235 (EN 10025)<br \/>Tvar: obd\u013a\u017enikov\u00e1 dut\u00e1 r\u00fara (jakel)<br \/>Povrch: surov\u00fd, bez povrchovej \u00fapravy \u2013 mo\u017enos\u0165 \u017eiarov\u00e9ho zinkovania alebo n\u00e1teru<br \/>V\u00fdborn\u00e1 zv\u00e1rate\u013enos\u0165 a spracovate\u013enos\u0165<br \/>Vysok\u00e1 pevnos\u0165 a dlh\u00e1 \u017eivotnos\u0165<\/p>\n<p>Pou\u017eitie:<br \/>Oce\u013eov\u00e9 kon\u0161trukcie a nosn\u00edky<br \/>Ploty, z\u00e1bradlia, br\u00e1ny<br \/>R\u00e1my strojov a priemyseln\u00e9 aplik\u00e1cie<br \/>Stol\u00e1rske a kutilsk\u00e9 projekty, kde je potrebn\u00e1 pevnos\u0165 a stabilita<\/p>\n<p><\/p>\n<\/div>\n","protected":false},"excerpt":{"rendered":"<p>Materi\u00e1l: Oce\u013e, Povrchov\u00e1 \u00faprava: Natural, Tvar prierezu: JPL profil, L: 6000, t: 2,5, a: 40, b: 30<\/p>\n","protected":false},"featured_media":0,"comment_status":"closed","ping_status":"open","template":"","meta":[],"product_brand":[],"product_cat":[15],"product_tag":[],"class_list":{"0":"post-13986","1":"product","2":"type-product","3":"status-publish","5":"product_cat-uncategorized","7":"first","8":"onbackorder","9":"sale","10":"purchasable","11":"product-type-simple"},"_links":{"self":[{"href":"https:\/\/aramiso-test.verteco.app\/index.php?rest_route=\/wp\/v2\/product\/13986","targetHints":{"allow":["GET"]}}],"collection":[{"href":"https:\/\/aramiso-test.verteco.app\/index.php?rest_route=\/wp\/v2\/product"}],"about":[{"href":"https:\/\/aramiso-test.verteco.app\/index.php?rest_route=\/wp\/v2\/types\/product"}],"replies":[{"embeddable":true,"href":"https:\/\/aramiso-test.verteco.app\/index.php?rest_route=%2Fwp%2Fv2%2Fcomments&post=13986"}],"wp:attachment":[{"href":"https:\/\/aramiso-test.verteco.app\/index.php?rest_route=%2Fwp%2Fv2%2Fmedia&parent=13986"}],"wp:term":[{"taxonomy":"product_brand","embeddable":true,"href":"https:\/\/aramiso-test.verteco.app\/index.php?rest_route=%2Fwp%2Fv2%2Fproduct_brand&post=13986"},{"taxonomy":"product_cat","embeddable":true,"href":"https:\/\/aramiso-test.verteco.app\/index.php?rest_route=%2Fwp%2Fv2%2Fproduct_cat&post=13986"},{"taxonomy":"product_tag","embeddable":true,"href":"https:\/\/aramiso-test.verteco.app\/index.php?rest_route=%2Fwp%2Fv2%2Fproduct_tag&post=13986"}],"curies":[{"name":"wp","href":"https:\/\/api.w.org\/{rel}","templated":true}]}}