{"id":13971,"date":"2025-10-26T12:18:51","date_gmt":"2025-10-26T12:18:51","guid":{"rendered":"https:\/\/aramiso-test.verteco.app\/?product=sada-klucka-klucka-so-stitkom-al-profi"},"modified":"2025-10-26T12:18:53","modified_gmt":"2025-10-26T12:18:53","slug":"sada-klucka-klucka-so-stitkom-al-profi","status":"publish","type":"product","link":"https:\/\/aramiso-test.verteco.app\/?product=sada-klucka-klucka-so-stitkom-al-profi","title":{"rendered":"Sada k\u013eu\u010dka &#8211; k\u013eu\u010dka so \u0161t\u00edtkom AL profi"},"content":{"rendered":"<div>Sada k\u013eu\u010dky &#8211; k\u013eu\u010dka + k\u013eu\u010dka so \u0161t\u00edtkom je rozmerovo prisp\u00f4soben\u00e1 kazet\u00e1m na\u0161ej v\u00fdroby.<br \/>\nK\u013eu\u010dky a \u0161t\u00edtky s\u00fa odliate zo zamaku a pr\u00e1\u0161kovo lakovan\u00e9 v \u010diernej farbe.<br \/>\nPasuj\u00fa pre z\u00e1mky s rozostupom 90mm.<\/div>\n","protected":false},"excerpt":{"rendered":"<p>Materi\u00e1l: Hlin\u00edk, Povrchov\u00e1 \u00faprava: Farba, Vzh\u013ead: \u010cierna RAL 9005, Osov\u00fd rozostup: 90mm<\/p>\n","protected":false},"featured_media":0,"comment_status":"closed","ping_status":"open","template":"","meta":[],"product_brand":[],"product_cat":[15],"product_tag":[],"class_list":{"0":"post-13971","1":"product","2":"type-product","3":"status-publish","5":"product_cat-uncategorized","7":"first","8":"onbackorder","9":"sale","10":"purchasable","11":"product-type-simple"},"_links":{"self":[{"href":"https:\/\/aramiso-test.verteco.app\/index.php?rest_route=\/wp\/v2\/product\/13971","targetHints":{"allow":["GET"]}}],"collection":[{"href":"https:\/\/aramiso-test.verteco.app\/index.php?rest_route=\/wp\/v2\/product"}],"about":[{"href":"https:\/\/aramiso-test.verteco.app\/index.php?rest_route=\/wp\/v2\/types\/product"}],"replies":[{"embeddable":true,"href":"https:\/\/aramiso-test.verteco.app\/index.php?rest_route=%2Fwp%2Fv2%2Fcomments&post=13971"}],"wp:attachment":[{"href":"https:\/\/aramiso-test.verteco.app\/index.php?rest_route=%2Fwp%2Fv2%2Fmedia&parent=13971"}],"wp:term":[{"taxonomy":"product_brand","embeddable":true,"href":"https:\/\/aramiso-test.verteco.app\/index.php?rest_route=%2Fwp%2Fv2%2Fproduct_brand&post=13971"},{"taxonomy":"product_cat","embeddable":true,"href":"https:\/\/aramiso-test.verteco.app\/index.php?rest_route=%2Fwp%2Fv2%2Fproduct_cat&post=13971"},{"taxonomy":"product_tag","embeddable":true,"href":"https:\/\/aramiso-test.verteco.app\/index.php?rest_route=%2Fwp%2Fv2%2Fproduct_tag&post=13971"}],"curies":[{"name":"wp","href":"https:\/\/api.w.org\/{rel}","templated":true}]}}