{"id":13969,"date":"2025-10-26T12:16:02","date_gmt":"2025-10-26T12:16:02","guid":{"rendered":"https:\/\/aramiso-test.verteco.app\/?product=celosklenene-zabradlie-odvodnovaci-profil-13"},"modified":"2025-10-26T12:16:06","modified_gmt":"2025-10-26T12:16:06","slug":"celosklenene-zabradlie-odvodnovaci-profil-13","status":"publish","type":"product","link":"https:\/\/aramiso-test.verteco.app\/?product=celosklenene-zabradlie-odvodnovaci-profil-13","title":{"rendered":"Celosklenen\u00e9 z\u00e1bradlie-odvod\u0148ovac\u00ed profil"},"content":{"rendered":"<p>Li\u0161ta odvod\u0148ovacia nerezov\u00e1 k profilom AL\/0011&#8230; Surov\u00fd stav, povrch a hrany neopracovan\u00e9, nebr\u00fasen\u00e9.<\/p>\n","protected":false},"excerpt":{"rendered":"<p>Materi\u00e1l: Nerez AISI 304, Povrchov\u00e1 \u00faprava: Natural, t: 5<\/p>\n","protected":false},"featured_media":0,"comment_status":"closed","ping_status":"open","template":"","meta":[],"product_brand":[],"product_cat":[15],"product_tag":[],"class_list":{"0":"post-13969","1":"product","2":"type-product","3":"status-publish","5":"product_cat-uncategorized","7":"first","8":"onbackorder","9":"purchasable","10":"product-type-simple"},"_links":{"self":[{"href":"https:\/\/aramiso-test.verteco.app\/index.php?rest_route=\/wp\/v2\/product\/13969","targetHints":{"allow":["GET"]}}],"collection":[{"href":"https:\/\/aramiso-test.verteco.app\/index.php?rest_route=\/wp\/v2\/product"}],"about":[{"href":"https:\/\/aramiso-test.verteco.app\/index.php?rest_route=\/wp\/v2\/types\/product"}],"replies":[{"embeddable":true,"href":"https:\/\/aramiso-test.verteco.app\/index.php?rest_route=%2Fwp%2Fv2%2Fcomments&post=13969"}],"wp:attachment":[{"href":"https:\/\/aramiso-test.verteco.app\/index.php?rest_route=%2Fwp%2Fv2%2Fmedia&parent=13969"}],"wp:term":[{"taxonomy":"product_brand","embeddable":true,"href":"https:\/\/aramiso-test.verteco.app\/index.php?rest_route=%2Fwp%2Fv2%2Fproduct_brand&post=13969"},{"taxonomy":"product_cat","embeddable":true,"href":"https:\/\/aramiso-test.verteco.app\/index.php?rest_route=%2Fwp%2Fv2%2Fproduct_cat&post=13969"},{"taxonomy":"product_tag","embeddable":true,"href":"https:\/\/aramiso-test.verteco.app\/index.php?rest_route=%2Fwp%2Fv2%2Fproduct_tag&post=13969"}],"curies":[{"name":"wp","href":"https:\/\/api.w.org\/{rel}","templated":true}]}}