{"id":13934,"date":"2025-08-06T11:02:16","date_gmt":"2025-08-06T11:02:16","guid":{"rendered":"https:\/\/aramiso-test.verteco.app\/?product=kotuc-lamelovy-na-nerez-d125-d222-t725-mm-p60"},"modified":"2025-08-06T11:02:17","modified_gmt":"2025-08-06T11:02:17","slug":"kotuc-lamelovy-na-nerez-d125-d222-t725-mm-p60","status":"publish","type":"product","link":"https:\/\/aramiso-test.verteco.app\/?product=kotuc-lamelovy-na-nerez-d125-d222-t725-mm-p60","title":{"rendered":"Kot\u00fa\u010d lamelov\u00fd na nerez, D125, d22,2, t7,25 mm, P60"},"content":{"rendered":"<p>Lamelov\u00e9 kot\u00fa\u010de s\u00fa vhodn\u00e9 pre br\u00fasenie, odstra\u0148ovanie ostr\u00fdch hr\u00e1n, orez\u00e1vanie, zr\u00e1\u017eanie hr\u00e1n, \u010distenie a \u00fapravu povrchu kovov v\u0161etk\u00e9ho druhu.  Priamy tvar (T27) sa pou\u017e\u00edva ako na br\u00fasenie hr\u00e1n (k vytv\u00e1raniu hr\u00e1n na obrobkoch), tak na br\u00fasenie rovinn\u00fdch pl\u00f4ch.<br \/>\nPou\u017e\u00edvajte pri vhodn\u00fdch r\u00fdchlostiach (zvy\u010dajne 8 000 &#8211; 12 000 ot.\/min.)<br \/>\nNoste vhodn\u00e9 ochrann\u00e9 prostriedky, ako s\u00fa ochrann\u00e9 okuliare, rukavice a maska na ochranu pred prachom a lietaj\u00facimi \u00falomkami.<\/p>\n","protected":false},"excerpt":{"rendered":"<p>Pou\u017eitie: Br\u00fasenie, t: 7,25, D: 125, d: 22,2, K: 60<\/p>\n","protected":false},"featured_media":0,"comment_status":"closed","ping_status":"open","template":"","meta":[],"product_brand":[],"product_cat":[15],"product_tag":[],"class_list":{"0":"post-13934","1":"product","2":"type-product","3":"status-publish","5":"product_cat-uncategorized","7":"first","8":"onbackorder","9":"sale","10":"purchasable","11":"product-type-simple"},"_links":{"self":[{"href":"https:\/\/aramiso-test.verteco.app\/index.php?rest_route=\/wp\/v2\/product\/13934","targetHints":{"allow":["GET"]}}],"collection":[{"href":"https:\/\/aramiso-test.verteco.app\/index.php?rest_route=\/wp\/v2\/product"}],"about":[{"href":"https:\/\/aramiso-test.verteco.app\/index.php?rest_route=\/wp\/v2\/types\/product"}],"replies":[{"embeddable":true,"href":"https:\/\/aramiso-test.verteco.app\/index.php?rest_route=%2Fwp%2Fv2%2Fcomments&post=13934"}],"wp:attachment":[{"href":"https:\/\/aramiso-test.verteco.app\/index.php?rest_route=%2Fwp%2Fv2%2Fmedia&parent=13934"}],"wp:term":[{"taxonomy":"product_brand","embeddable":true,"href":"https:\/\/aramiso-test.verteco.app\/index.php?rest_route=%2Fwp%2Fv2%2Fproduct_brand&post=13934"},{"taxonomy":"product_cat","embeddable":true,"href":"https:\/\/aramiso-test.verteco.app\/index.php?rest_route=%2Fwp%2Fv2%2Fproduct_cat&post=13934"},{"taxonomy":"product_tag","embeddable":true,"href":"https:\/\/aramiso-test.verteco.app\/index.php?rest_route=%2Fwp%2Fv2%2Fproduct_tag&post=13934"}],"curies":[{"name":"wp","href":"https:\/\/api.w.org\/{rel}","templated":true}]}}