{"id":13906,"date":"2025-10-26T12:56:32","date_gmt":"2025-10-26T12:56:32","guid":{"rendered":"https:\/\/aramiso-test.verteco.app\/?product=drevena-plotova-vypln-19x95-1200mm-borovica"},"modified":"2025-10-26T12:56:35","modified_gmt":"2025-10-26T12:56:35","slug":"drevena-plotova-vypln-19x95-1200mm-borovica","status":"publish","type":"product","link":"https:\/\/aramiso-test.verteco.app\/?product=drevena-plotova-vypln-19x95-1200mm-borovica","title":{"rendered":"Dreven\u00e1 plotov\u00e1 v\u00fdpl\u0148 19&#215;95 &#8211; 1200mm, borovica"},"content":{"rendered":"<p>Dreven\u00e1 v\u00fdpl\u0148 z borovicov\u00e9ho dreva s rozmermi 19\u00d795\u00d71200 mm je ide\u00e1lna na realiz\u00e1ciu tieniacich prvkov v exteri\u00e9ri aj interi\u00e9ri. Pr\u00edrodn\u00fd vzh\u013ead borovicov\u00e9ho dreva prin\u00e1\u0161a estetick\u00e9 rie\u0161enie.<br \/>\n<br \/>\nVhodn\u00e1 na \u0161t\u00fdlov\u00e9 tienenie ter\u00e1s, pergol, balk\u00f3nov alebo alt\u00e1nkov.<\/p>\n","protected":false},"excerpt":{"rendered":"<p>Materi\u00e1l: Drevo Borovica, Povrchov\u00e1 \u00faprava: Natural, L: 1200<\/p>\n","protected":false},"featured_media":0,"comment_status":"closed","ping_status":"open","template":"","meta":[],"product_brand":[],"product_cat":[15],"product_tag":[],"class_list":{"0":"post-13906","1":"product","2":"type-product","3":"status-publish","5":"product_cat-uncategorized","7":"first","8":"instock","9":"sale","10":"purchasable","11":"product-type-simple"},"_links":{"self":[{"href":"https:\/\/aramiso-test.verteco.app\/index.php?rest_route=\/wp\/v2\/product\/13906","targetHints":{"allow":["GET"]}}],"collection":[{"href":"https:\/\/aramiso-test.verteco.app\/index.php?rest_route=\/wp\/v2\/product"}],"about":[{"href":"https:\/\/aramiso-test.verteco.app\/index.php?rest_route=\/wp\/v2\/types\/product"}],"replies":[{"embeddable":true,"href":"https:\/\/aramiso-test.verteco.app\/index.php?rest_route=%2Fwp%2Fv2%2Fcomments&post=13906"}],"wp:attachment":[{"href":"https:\/\/aramiso-test.verteco.app\/index.php?rest_route=%2Fwp%2Fv2%2Fmedia&parent=13906"}],"wp:term":[{"taxonomy":"product_brand","embeddable":true,"href":"https:\/\/aramiso-test.verteco.app\/index.php?rest_route=%2Fwp%2Fv2%2Fproduct_brand&post=13906"},{"taxonomy":"product_cat","embeddable":true,"href":"https:\/\/aramiso-test.verteco.app\/index.php?rest_route=%2Fwp%2Fv2%2Fproduct_cat&post=13906"},{"taxonomy":"product_tag","embeddable":true,"href":"https:\/\/aramiso-test.verteco.app\/index.php?rest_route=%2Fwp%2Fv2%2Fproduct_tag&post=13906"}],"curies":[{"name":"wp","href":"https:\/\/api.w.org\/{rel}","templated":true}]}}