{"id":13905,"date":"2025-10-26T12:56:27","date_gmt":"2025-10-26T12:56:27","guid":{"rendered":"https:\/\/aramiso-test.verteco.app\/?product=hlinikovy-pristresok-pre-auto-5300x3000-r7016"},"modified":"2025-10-26T12:56:31","modified_gmt":"2025-10-26T12:56:31","slug":"hlinikovy-pristresok-pre-auto-5300x3000-r7016","status":"publish","type":"product","link":"https:\/\/aramiso-test.verteco.app\/?product=hlinikovy-pristresok-pre-auto-5300x3000-r7016","title":{"rendered":"Hlin\u00edkov\u00fd pr\u00edstre\u0161ok pre auto 5300&#215;3000 R7016"},"content":{"rendered":"<p>Pr\u00e9miov\u00fd hlin\u00edkov\u00fd pr\u00edstre\u0161ok na auto s rozmermi 5,3&#215;3 metre a v\u00fd\u0161kou 2,6m predstavuje ide\u00e1lny sp\u00f4sob zastre\u0161enia parkovacieho miesta. Vzh\u013eadom na parametre m\u00f4\u017ee rovnako dobre sl\u00fa\u017ei\u0165 ako pergola pre Va\u0161e vonkaj\u0161ie posedenie.<\/p>\n<p>Ve\u013emi pevn\u00e1 a stabiln\u00e1 kon\u0161trukcia v antracitovej farbe RAL 7016, v matnej povrchovej \u00faprave sa hod\u00ed do ka\u017ed\u00e9ho priestoru, nie je potrebn\u00e9 v\u0155ta\u0165 do steny. Pr\u00edstre\u0161ok je vyroben\u00fd z vysoko kvalitn\u00e9ho hlin\u00edka, ktor\u00fd je o\u0161etren\u00fd pr\u00e1\u0161kovou farbou, \u010do zaru\u010duje odolnos\u0165 vo\u010di poveternostn\u00fdm vplyvom. Ka\u017ed\u00fd st\u013apik m\u00e1 rozmery 15&#215;15 cm a je teda dostato\u010dne pevn\u00fd a odoln\u00fd ka\u017ed\u00e9mu po\u010dasiu. Strecha je z pevn\u00fdch sendvi\u010dov\u00fdch panelov z PU peny. Tieto panely maj\u00fa skvel\u00e9 u\u017e\u00edvate\u013esk\u00e9 vlastnosti. V\u010faka nim m\u00e1 strecha nosnos\u0165 a\u017e 100 kg\/m2. Pri ve\u013ekej vrstve snehu odpor\u00fa\u010dame sneh zo strechy priebe\u017ene odstra\u0148ova\u0165. Z vrchnej strany s\u00fa panely v antracitovom preveden\u00ed, tak\u017ee ladia so zvy\u0161kom kon\u0161trukcie. Zo spodnej \u010dasti je naopak biela farba, aby pod samotn\u00fdm pr\u00edstre\u0161kom bolo maximum svetla. K zvodu vody doch\u00e1dza unik\u00e1tnym dren\u00e1\u017enym syst\u00e9mom priamo vo vn\u00fatri kon\u0161trukcie. Odvod\u0148ovac\u00ed syst\u00e9m pom\u00e1ha predch\u00e1dza\u0165 po\u0161kodeniu laku V\u00e1\u0161ho vozidla a samozrejme zni\u017euje jeho zne\u010distenie. V\u010faka tomu V\u00e1m pr\u00edstre\u0161ok z\u00e1rove\u0148 u\u0161etr\u00ed \u010das, ktor\u00fd by ste naviac str\u00e1vili um\u00fdvan\u00edm auta.<\/p>\n<p>Ktor\u00fako\u013evek stranu pergoly je mo\u017en\u00e9 doplni\u0165 o stenu z WPC panelov. Tieto pevn\u00e9 panely poskytn\u00fa dodato\u010dn\u00e9 uzavretie pr\u00edstre\u0161ku a vylep\u0161ia tak e\u0161te vlastnosti samotn\u00e9ho pr\u00edstre\u0161ku \u010di pergoly.<\/p>\n<p>Robustn\u00fd st\u013apik m\u00e1 rozmery 150&#215;150 mm, pri in\u0161tal\u00e1cii je potrebn\u00e9 po\u010d\u00edta\u0165 s p\u00e4tkou st\u013apika s rozmermi 194&#215;194 mm. P\u00e4tka je z 8 mm hrubej ocele a je navy\u0161e zakryt\u00e1 hlin\u00edkov\u00fdm krytom s integrovan\u00fdm dren\u00e1\u017enym syst\u00e9mom. Hlin\u00edkov\u00fd pr\u00edstre\u0161ok PRESTIGE ochr\u00e1ni Va\u0161e auto \u010di vonkaj\u0161ie posedenie pred da\u017e\u010fom, snehom aj krupobit\u00edm, ale aj pred slne\u010dn\u00fdmi l\u00fa\u010dmi. V lete zamedz\u00edte zbyto\u010dn\u00e9mu prehrievaniu vozidla av zime v\u010faka nemu nebudete musie\u0165 \u0161kraba\u0165 zamrznut\u00e9 auto.<\/p>\n<p>V\u010faka skvel\u00fdm vlastnostiam, detailn\u00e9mu spracovaniu a modern\u00e9mu dizajnu sa pr\u00edstre\u0161ok na auto PRESTIGE hod\u00ed k modern\u00fdm stavb\u00e1m s \u010dist\u00fdmi l\u00edniami. Jeho dizajn je navy\u0161e ve\u013emi podobn\u00fd bioklimatick\u00fdm pergol\u00e1m, tak\u017ee m\u00f4\u017eete zladi\u0165 vzh\u013ead vonkaj\u0161\u00edch stavieb na Va\u0161om pozemku.<\/p>\n","protected":false},"excerpt":{"rendered":"<p>Materi\u00e1l: Nerez AISI 304\/Hlin\u00edk, Povrchov\u00e1 \u00faprava: Pr\u00e1\u0161kovan\u00fd, Vzh\u013ead: Antracit RAL7016<\/p>\n","protected":false},"featured_media":0,"comment_status":"closed","ping_status":"open","template":"","meta":[],"product_brand":[],"product_cat":[15],"product_tag":[],"class_list":{"0":"post-13905","1":"product","2":"type-product","3":"status-publish","5":"product_cat-uncategorized","7":"first","8":"instock","9":"sale","10":"purchasable","11":"product-type-simple"},"_links":{"self":[{"href":"https:\/\/aramiso-test.verteco.app\/index.php?rest_route=\/wp\/v2\/product\/13905","targetHints":{"allow":["GET"]}}],"collection":[{"href":"https:\/\/aramiso-test.verteco.app\/index.php?rest_route=\/wp\/v2\/product"}],"about":[{"href":"https:\/\/aramiso-test.verteco.app\/index.php?rest_route=\/wp\/v2\/types\/product"}],"replies":[{"embeddable":true,"href":"https:\/\/aramiso-test.verteco.app\/index.php?rest_route=%2Fwp%2Fv2%2Fcomments&post=13905"}],"wp:attachment":[{"href":"https:\/\/aramiso-test.verteco.app\/index.php?rest_route=%2Fwp%2Fv2%2Fmedia&parent=13905"}],"wp:term":[{"taxonomy":"product_brand","embeddable":true,"href":"https:\/\/aramiso-test.verteco.app\/index.php?rest_route=%2Fwp%2Fv2%2Fproduct_brand&post=13905"},{"taxonomy":"product_cat","embeddable":true,"href":"https:\/\/aramiso-test.verteco.app\/index.php?rest_route=%2Fwp%2Fv2%2Fproduct_cat&post=13905"},{"taxonomy":"product_tag","embeddable":true,"href":"https:\/\/aramiso-test.verteco.app\/index.php?rest_route=%2Fwp%2Fv2%2Fproduct_tag&post=13905"}],"curies":[{"name":"wp","href":"https:\/\/api.w.org\/{rel}","templated":true}]}}