{"id":13870,"date":"2025-10-26T12:56:20","date_gmt":"2025-10-26T12:56:20","guid":{"rendered":"https:\/\/aramiso-test.verteco.app\/?product=hlinikovy-plot-s-latou-20x100-a-stlpikom-50x60-185x2m"},"modified":"2025-10-26T12:56:22","modified_gmt":"2025-10-26T12:56:22","slug":"hlinikovy-plot-s-latou-20x100-a-stlpikom-pro70x70-185x2m","status":"publish","type":"product","link":"https:\/\/aramiso-test.verteco.app\/?product=hlinikovy-plot-s-latou-20x100-a-stlpikom-pro70x70-185x2m","title":{"rendered":"Hlin\u00edkov\u00fd plot s latou 20&#215;100 a st\u013apikom PRO70x70, 1,85x2m"},"content":{"rendered":"<p>Hlin\u00edkov\u00e1 plotov\u00e1 zostava s rozmermi 1,85 x 2 m pon\u00faka dokonal\u00e9 spojenie modern\u00e9ho dizajnu a funk\u010dnosti, v\u010faka \u010domu je ide\u00e1lnym rie\u0161en\u00edm pre rodinn\u00e9 domy aj komer\u010dn\u00e9 objekty. Hlin\u00edk EN AW-6060-T6 zaru\u010duje dlh\u00fa \u017eivotnos\u0165, jednoduch\u00fa in\u0161tal\u00e1ciu a minim\u00e1lnu \u00fadr\u017ebu. <\/p>\n<p><strong>Elegantn\u00e1, modern\u00e1 hlin\u00edkov\u00e1 kon\u0161trukcia<\/strong><br \/>\nZostava s v\u00fd\u0161kou 1850mm a \u0161\u00edrkou 2000mm pozost\u00e1va z hlin\u00edkov\u00fdch lamiel 20&#215;100 mm a st\u013apika PRO70x70. Tento modern\u00fd dizajn pon\u00faka vyv\u00e1\u017een\u00fd pomer medzi s\u00fakrom\u00edm a otvorenos\u0165ou, umo\u017e\u0148uj\u00fac prechod svetla a vzduchu, pri\u010dom zostava zachov\u00e1va pocit bezpe\u010dia a elegancie. Ide\u00e1lne rie\u0161enie pre exteri\u00e9r domov, z\u00e1hrad \u010di komer\u010dn\u00fdch priestorov.<\/p>\n<p><strong>Nad\u010dasov\u00e1 antracitov\u00e1 farba<\/strong><br \/>\nV\u010faka antracitovej farbe RAL 7016 p\u00f4sob\u00ed zostava modern\u00fdm dojmom, a z\u00e1rove\u0148 \u013eahko zapadne do r\u00f4znych architektonick\u00fdch \u0161t\u00fdlov. Dod\u00e1 v\u00e1\u0161mu exteri\u00e9ru modern\u00fd a elegantn\u00fd vzh\u013ead. Vhodn\u00e1 pre r\u00f4zne architektonick\u00e9 \u0161t\u00fdly, \u010di u\u017e ide o rodinn\u00fd dom, z\u00e1hradu alebo firemn\u00fd priestor, antracitov\u00e1 farba perfektne lad\u00ed s okol\u00edm. <\/p>\n<p><strong>Jednoduch\u00e1 mont\u00e1\u017e &#8211; bez nutnosti zv\u00e1rania <\/strong><br \/>\nNa\u0161a hlin\u00edkov\u00e1 plotov\u00e1 zostava je navrhnut\u00e1 pre jednoduch\u00fa mont\u00e1\u017e bez potreby zv\u00e1rania. V\u010faka inovat\u00edvnemu syst\u00e9mu so st\u013apikami a latami je mont\u00e1\u017e r\u00fdchla a efekt\u00edvna, \u010d\u00edm \u0161etr\u00ed \u010das aj n\u00e1klady. <\/p>\n<p>Hlin\u00edkov\u00e1 plotov\u00e1 zostava je prakticky bez \u00fadr\u017ebov\u00e1. Odoln\u00fd hlin\u00edk odol\u00e1va kor\u00f3zii a in\u00fdm poveternostn\u00fdm vplyvom, sta\u010d\u00ed ho ob\u010das vy\u010disti\u0165, aby zostal v perfektnom stave. T\u00fdm z\u00edskavate kvalitn\u00e9 rie\u0161enie, ktor\u00e9 v\u00e1m posl\u00fa\u017ei dlh\u00e9 roky bez starost\u00ed.<\/p>\n","protected":false},"excerpt":{"rendered":"<p>Materi\u00e1l: Hlin\u00edk, Povrchov\u00e1 \u00faprava: Pr\u00e1\u0161kovan\u00fd s text\u00farou, Vzh\u013ead: Antracit RAL7016, L: 2000<\/p>\n","protected":false},"featured_media":0,"comment_status":"closed","ping_status":"open","template":"","meta":[],"product_brand":[],"product_cat":[15],"product_tag":[],"class_list":{"0":"post-13870","1":"product","2":"type-product","3":"status-publish","5":"product_cat-uncategorized","7":"first","8":"instock","9":"sale","10":"purchasable","11":"product-type-simple"},"_links":{"self":[{"href":"https:\/\/aramiso-test.verteco.app\/index.php?rest_route=\/wp\/v2\/product\/13870","targetHints":{"allow":["GET"]}}],"collection":[{"href":"https:\/\/aramiso-test.verteco.app\/index.php?rest_route=\/wp\/v2\/product"}],"about":[{"href":"https:\/\/aramiso-test.verteco.app\/index.php?rest_route=\/wp\/v2\/types\/product"}],"replies":[{"embeddable":true,"href":"https:\/\/aramiso-test.verteco.app\/index.php?rest_route=%2Fwp%2Fv2%2Fcomments&post=13870"}],"wp:attachment":[{"href":"https:\/\/aramiso-test.verteco.app\/index.php?rest_route=%2Fwp%2Fv2%2Fmedia&parent=13870"}],"wp:term":[{"taxonomy":"product_brand","embeddable":true,"href":"https:\/\/aramiso-test.verteco.app\/index.php?rest_route=%2Fwp%2Fv2%2Fproduct_brand&post=13870"},{"taxonomy":"product_cat","embeddable":true,"href":"https:\/\/aramiso-test.verteco.app\/index.php?rest_route=%2Fwp%2Fv2%2Fproduct_cat&post=13870"},{"taxonomy":"product_tag","embeddable":true,"href":"https:\/\/aramiso-test.verteco.app\/index.php?rest_route=%2Fwp%2Fv2%2Fproduct_tag&post=13870"}],"curies":[{"name":"wp","href":"https:\/\/api.w.org\/{rel}","templated":true}]}}