{"id":13864,"date":"2025-08-03T13:32:40","date_gmt":"2025-08-03T13:32:40","guid":{"rendered":"https:\/\/aramiso-test.verteco.app\/?product=strojny-zavitnik-m10x15-hss-h2"},"modified":"2025-08-03T13:32:43","modified_gmt":"2025-08-03T13:32:43","slug":"strojny-zavitnik-m10x15-hss-h2","status":"publish","type":"product","link":"https:\/\/aramiso-test.verteco.app\/?product=strojny-zavitnik-m10x15-hss-h2","title":{"rendered":"Strojn\u00fd z\u00e1vitn\u00edk M10x1,5 HSS-H2"},"content":{"rendered":"<p>Profesion\u00e1lny strojn\u00fd z\u00e1vitn\u00edk pre rezanie metrick\u00fdch z\u00e1vitov M10 s rozstupom 1.5 mm. Vyroben\u00fd z vysoko kvalitnej r\u00fdchloreznej ocele HSS H2, \u010do zaru\u010duje dlh\u00fa \u017eivotnos\u0165 a vysok\u00fa odolnos\u0165 vo\u010di opotrebeniu.<br \/>\n<br \/>\nMateri\u00e1l: HSS (High-Speed Steel) H2<br \/>\nVe\u013ekos\u0165 z\u00e1vitu: M10 x 1.5<br \/>\nCelkov\u00e1 d\u013a\u017eka: 80 mm<br \/>\nD\u013a\u017eka reznej \u010dasti: 24 mm<br \/>\nPriemer drieku: 8 mm<br \/>\nPriemer reznej \u010dasti: 10 mm<br \/>\nPou\u017eitie: Ur\u010den\u00fd na z\u00e1vitovanie v kovoch, plastoch a \u010fal\u0161\u00edch materi\u00e1loch<br \/>\n<br \/>\nVhodn\u00fd na priemyseln\u00e9 aj dom\u00e1ce pou\u017eitie s ru\u010dn\u00fdmi aj strojov\u00fdmi z\u00e1vitovac\u00edmi syst\u00e9mami.<\/p>\n","protected":false},"excerpt":{"rendered":"<p>Materi\u00e1l: HSS (High-Speed Steel), L: 80, Pou\u017eitie: V\u0155tanie, M: 10&#215;1,5<\/p>\n","protected":false},"featured_media":0,"comment_status":"closed","ping_status":"open","template":"","meta":[],"product_brand":[],"product_cat":[15],"product_tag":[],"class_list":{"0":"post-13864","1":"product","2":"type-product","3":"status-publish","5":"product_cat-uncategorized","7":"first","8":"onbackorder","9":"sale","10":"purchasable","11":"product-type-simple"},"_links":{"self":[{"href":"https:\/\/aramiso-test.verteco.app\/index.php?rest_route=\/wp\/v2\/product\/13864","targetHints":{"allow":["GET"]}}],"collection":[{"href":"https:\/\/aramiso-test.verteco.app\/index.php?rest_route=\/wp\/v2\/product"}],"about":[{"href":"https:\/\/aramiso-test.verteco.app\/index.php?rest_route=\/wp\/v2\/types\/product"}],"replies":[{"embeddable":true,"href":"https:\/\/aramiso-test.verteco.app\/index.php?rest_route=%2Fwp%2Fv2%2Fcomments&post=13864"}],"wp:attachment":[{"href":"https:\/\/aramiso-test.verteco.app\/index.php?rest_route=%2Fwp%2Fv2%2Fmedia&parent=13864"}],"wp:term":[{"taxonomy":"product_brand","embeddable":true,"href":"https:\/\/aramiso-test.verteco.app\/index.php?rest_route=%2Fwp%2Fv2%2Fproduct_brand&post=13864"},{"taxonomy":"product_cat","embeddable":true,"href":"https:\/\/aramiso-test.verteco.app\/index.php?rest_route=%2Fwp%2Fv2%2Fproduct_cat&post=13864"},{"taxonomy":"product_tag","embeddable":true,"href":"https:\/\/aramiso-test.verteco.app\/index.php?rest_route=%2Fwp%2Fv2%2Fproduct_tag&post=13864"}],"curies":[{"name":"wp","href":"https:\/\/api.w.org\/{rel}","templated":true}]}}