{"id":13854,"date":"2025-10-26T12:56:13","date_gmt":"2025-10-26T12:56:13","guid":{"rendered":"https:\/\/aramiso-test.verteco.app\/?product=nitovacia-matica-nerezova-aisi304-m5mm"},"modified":"2025-10-26T12:56:14","modified_gmt":"2025-10-26T12:56:14","slug":"nitovacia-matica-nerezova-aisi304-m5mm","status":"publish","type":"product","link":"https:\/\/aramiso-test.verteco.app\/?product=nitovacia-matica-nerezova-aisi304-m5mm","title":{"rendered":"Nitovacia matica, nerezov\u00e1, AISI304, M5mm"},"content":{"rendered":"<p>Nitovacie matice sa pou\u017e\u00edvaj\u00fa na uchytenie metrick\u00e9ho z\u00e1vitu do tenkostenn\u00fdch materi\u00e1lov. Be\u017ene sa pou\u017e\u00edvaj\u00fa v aplik\u00e1ci\u00e1ch, kde je obmedzen\u00fd alebo \u017eiadny pr\u00edstup k zadnej strane materi\u00e1lu.<br \/>\nRyhovan\u00e9 telo nitovacej matice zabezpe\u010duje zv\u00fd\u0161en\u00fa odolnos\u0165 vo\u010di preto\u010deniu matice a umo\u017e\u0148uj\u00fa vytvori\u0165 pevn\u00fd upev\u0148ovac\u00ed bod so z\u00e1vitom v materi\u00e1loch, ktor\u00e9 s\u00fa pr\u00edli\u0161 tenk\u00e9 na rezanie z\u00e1vitov.<\/p>\n","protected":false},"excerpt":{"rendered":"<p>Materi\u00e1l: Nerez AISI 304, Povrchov\u00e1 \u00faprava: Natural, L: 12, M: 5<\/p>\n","protected":false},"featured_media":0,"comment_status":"closed","ping_status":"open","template":"","meta":[],"product_brand":[],"product_cat":[15],"product_tag":[],"class_list":{"0":"post-13854","1":"product","2":"type-product","3":"status-publish","5":"product_cat-uncategorized","7":"first","8":"onbackorder","9":"sale","10":"purchasable","11":"product-type-simple"},"_links":{"self":[{"href":"https:\/\/aramiso-test.verteco.app\/index.php?rest_route=\/wp\/v2\/product\/13854","targetHints":{"allow":["GET"]}}],"collection":[{"href":"https:\/\/aramiso-test.verteco.app\/index.php?rest_route=\/wp\/v2\/product"}],"about":[{"href":"https:\/\/aramiso-test.verteco.app\/index.php?rest_route=\/wp\/v2\/types\/product"}],"replies":[{"embeddable":true,"href":"https:\/\/aramiso-test.verteco.app\/index.php?rest_route=%2Fwp%2Fv2%2Fcomments&post=13854"}],"wp:attachment":[{"href":"https:\/\/aramiso-test.verteco.app\/index.php?rest_route=%2Fwp%2Fv2%2Fmedia&parent=13854"}],"wp:term":[{"taxonomy":"product_brand","embeddable":true,"href":"https:\/\/aramiso-test.verteco.app\/index.php?rest_route=%2Fwp%2Fv2%2Fproduct_brand&post=13854"},{"taxonomy":"product_cat","embeddable":true,"href":"https:\/\/aramiso-test.verteco.app\/index.php?rest_route=%2Fwp%2Fv2%2Fproduct_cat&post=13854"},{"taxonomy":"product_tag","embeddable":true,"href":"https:\/\/aramiso-test.verteco.app\/index.php?rest_route=%2Fwp%2Fv2%2Fproduct_tag&post=13854"}],"curies":[{"name":"wp","href":"https:\/\/api.w.org\/{rel}","templated":true}]}}