{"id":13851,"date":"2025-10-26T12:56:13","date_gmt":"2025-10-26T12:56:13","guid":{"rendered":"https:\/\/aramiso-test.verteco.app\/?product=skrutka-samovrtna-so-6-hr-hlavou-nerezova-3"},"modified":"2025-10-26T12:56:13","modified_gmt":"2025-10-26T12:56:13","slug":"skrutka-samovrtna-so-6-hr-hlavou-nerezova-3","status":"publish","type":"product","link":"https:\/\/aramiso-test.verteco.app\/?product=skrutka-samovrtna-so-6-hr-hlavou-nerezova-3","title":{"rendered":"Skrutka samovrtn\u00e1 so 6-hr. hlavou, nerezov\u00e1"},"content":{"rendered":"<p>DIN 7504K samovrtn\u00e9 skrutky so 6-hrannou hlavou s\u00fa nevyhnutn\u00fdmi upev\u0148ovac\u00edmi prvkami v r\u00f4znych priemyseln\u00fdch a stavebn\u00fdch aplik\u00e1ciach.<br \/>\nIch schopnos\u0165 v\u0155ta\u0165 a reza\u0165 do materi\u00e1lov v jednom kroku ich rob\u00ed vysoko efekt\u00edvnymi a v\u0161estrann\u00fdmi pre r\u00f4zne upev\u0148ovacie potreby.<br \/>\nSpr\u00e1vne pou\u017eitie a in\u0161tal\u00e1cia m\u00f4\u017eu zabezpe\u010di\u0165 siln\u00e9, spo\u013eahliv\u00e9 spojenia naprie\u010d r\u00f4znymi materi\u00e1lmi a aplik\u00e1ciami.<\/p>\n","protected":false},"excerpt":{"rendered":"<p>Materi\u00e1l: Nerez AISI 304, Povrchov\u00e1 \u00faprava: Natural, L: 13, d: 4,2<\/p>\n","protected":false},"featured_media":0,"comment_status":"closed","ping_status":"open","template":"","meta":[],"product_brand":[],"product_cat":[15],"product_tag":[],"class_list":{"0":"post-13851","1":"product","2":"type-product","3":"status-publish","5":"product_cat-uncategorized","7":"first","8":"onbackorder","9":"sale","10":"purchasable","11":"product-type-simple"},"_links":{"self":[{"href":"https:\/\/aramiso-test.verteco.app\/index.php?rest_route=\/wp\/v2\/product\/13851","targetHints":{"allow":["GET"]}}],"collection":[{"href":"https:\/\/aramiso-test.verteco.app\/index.php?rest_route=\/wp\/v2\/product"}],"about":[{"href":"https:\/\/aramiso-test.verteco.app\/index.php?rest_route=\/wp\/v2\/types\/product"}],"replies":[{"embeddable":true,"href":"https:\/\/aramiso-test.verteco.app\/index.php?rest_route=%2Fwp%2Fv2%2Fcomments&post=13851"}],"wp:attachment":[{"href":"https:\/\/aramiso-test.verteco.app\/index.php?rest_route=%2Fwp%2Fv2%2Fmedia&parent=13851"}],"wp:term":[{"taxonomy":"product_brand","embeddable":true,"href":"https:\/\/aramiso-test.verteco.app\/index.php?rest_route=%2Fwp%2Fv2%2Fproduct_brand&post=13851"},{"taxonomy":"product_cat","embeddable":true,"href":"https:\/\/aramiso-test.verteco.app\/index.php?rest_route=%2Fwp%2Fv2%2Fproduct_cat&post=13851"},{"taxonomy":"product_tag","embeddable":true,"href":"https:\/\/aramiso-test.verteco.app\/index.php?rest_route=%2Fwp%2Fv2%2Fproduct_tag&post=13851"}],"curies":[{"name":"wp","href":"https:\/\/api.w.org\/{rel}","templated":true}]}}