{"id":13844,"date":"2025-10-26T12:56:08","date_gmt":"2025-10-26T12:56:08","guid":{"rendered":"https:\/\/aramiso-test.verteco.app\/?product=skrutka-kombinovana-nerezova-aisi316-m8x100"},"modified":"2025-10-26T12:56:10","modified_gmt":"2025-10-26T12:56:10","slug":"skrutka-kombinovana-nerezova-aisi316-m8x100","status":"publish","type":"product","link":"https:\/\/aramiso-test.verteco.app\/?product=skrutka-kombinovana-nerezova-aisi316-m8x100","title":{"rendered":"Skrutka kombinovan\u00e1, nerezov\u00e1, AISI316, M8x100"},"content":{"rendered":"<p>Kombinovan\u00e1 skrutka, tie\u017e zn\u00e1ma ako obojstrann\u00e1 skrutka, m\u00e1 dva r\u00f4zne typy z\u00e1vitov na oboch koncoch: z\u00e1vit do dreva na jednej strane a strojov\u00fd (metrick\u00fd) z\u00e1vit na druhej strane. V\u010faka tomuto jedine\u010dn\u00e9mu dizajnu s\u00fa kombinovan\u00e9 skrutky ide\u00e1lne na sp\u00e1janie dvoch r\u00f4znych typov materi\u00e1lov.<br \/>\nPou\u017e\u00edvaj\u00fa sa na sp\u00e1janie kovov\u00fdch prvkov s dreven\u00fdmi povrchmi, ako s\u00fa \u010dasti nerezov\u00e9ho z\u00e1bradlia, nosn\u00e9 tr\u00e1my alebo kovov\u00e9 spojovacie prvky pre vonkaj\u0161ie kon\u0161trukcie.<\/p>\n","protected":false},"excerpt":{"rendered":"<p>Materi\u00e1l: Nerez AISI 316, Povrchov\u00e1 \u00faprava: Natural, L: 100, M: 8, b: 40, h: 44<\/p>\n","protected":false},"featured_media":0,"comment_status":"closed","ping_status":"open","template":"","meta":[],"product_brand":[],"product_cat":[15],"product_tag":[],"class_list":{"0":"post-13844","1":"product","2":"type-product","3":"status-publish","5":"product_cat-uncategorized","7":"first","8":"onbackorder","9":"sale","10":"purchasable","11":"product-type-simple"},"_links":{"self":[{"href":"https:\/\/aramiso-test.verteco.app\/index.php?rest_route=\/wp\/v2\/product\/13844","targetHints":{"allow":["GET"]}}],"collection":[{"href":"https:\/\/aramiso-test.verteco.app\/index.php?rest_route=\/wp\/v2\/product"}],"about":[{"href":"https:\/\/aramiso-test.verteco.app\/index.php?rest_route=\/wp\/v2\/types\/product"}],"replies":[{"embeddable":true,"href":"https:\/\/aramiso-test.verteco.app\/index.php?rest_route=%2Fwp%2Fv2%2Fcomments&post=13844"}],"wp:attachment":[{"href":"https:\/\/aramiso-test.verteco.app\/index.php?rest_route=%2Fwp%2Fv2%2Fmedia&parent=13844"}],"wp:term":[{"taxonomy":"product_brand","embeddable":true,"href":"https:\/\/aramiso-test.verteco.app\/index.php?rest_route=%2Fwp%2Fv2%2Fproduct_brand&post=13844"},{"taxonomy":"product_cat","embeddable":true,"href":"https:\/\/aramiso-test.verteco.app\/index.php?rest_route=%2Fwp%2Fv2%2Fproduct_cat&post=13844"},{"taxonomy":"product_tag","embeddable":true,"href":"https:\/\/aramiso-test.verteco.app\/index.php?rest_route=%2Fwp%2Fv2%2Fproduct_tag&post=13844"}],"curies":[{"name":"wp","href":"https:\/\/api.w.org\/{rel}","templated":true}]}}