{"id":13812,"date":"2025-08-03T13:32:12","date_gmt":"2025-08-03T13:32:12","guid":{"rendered":"https:\/\/aramiso-test.verteco.app\/?product=skrutka-nastavovacia-s-hrotom-aisi304-m8x50"},"modified":"2025-08-03T13:32:20","modified_gmt":"2025-08-03T13:32:20","slug":"skrutka-nastavovacia-s-hrotom-aisi304-m8x50","status":"publish","type":"product","link":"https:\/\/aramiso-test.verteco.app\/?product=skrutka-nastavovacia-s-hrotom-aisi304-m8x50","title":{"rendered":"Skrutka nastavovacia s hrotom, AISI304, M8x50"},"content":{"rendered":"<p>Skrutka nastavovacia s hrotom je \u0161iroko pou\u017e\u00edvan\u00e1 v r\u00f4znych aplik\u00e1ci\u00e1ch kv\u00f4li jej v\u0161estrannosti, pevnosti a jednoduchosti pou\u017eitia.<br \/>\nPozost\u00e1vaj\u00fa z valcov\u00e9ho hriade\u013ea so \u0161es\u0165hrann\u00fdm vybran\u00edm (z\u00e1suvkou) v hlave, \u010do umo\u017e\u0148uje ich utiahnutie alebo uvo\u013enenie pomocou \u0161es\u0165hrann\u00e9ho k\u013e\u00fa\u010da (imbusov\u00fd k\u013e\u00fa\u010d)<br \/>\nM\u00f4\u017ee by\u0165 pou\u017eit\u00e1 na sp\u00e1janie kovov\u00fdch, plastov\u00fdch alebo dreven\u00fdch komponentov.<br \/>\nPoskytuje bezpe\u010dn\u00fd sp\u00f4sob upevnenia bez vy\u010dnievaj\u00facich hl\u00e1v.<\/p>\n","protected":false},"excerpt":{"rendered":"<p>Materi\u00e1l: Nerez AISI 304, Povrchov\u00e1 \u00faprava: Natural, L: 50, M: 8<\/p>\n","protected":false},"featured_media":0,"comment_status":"closed","ping_status":"open","template":"","meta":[],"product_brand":[],"product_cat":[15],"product_tag":[],"class_list":{"0":"post-13812","1":"product","2":"type-product","3":"status-publish","5":"product_cat-uncategorized","7":"first","8":"instock","9":"sale","10":"purchasable","11":"product-type-simple"},"_links":{"self":[{"href":"https:\/\/aramiso-test.verteco.app\/index.php?rest_route=\/wp\/v2\/product\/13812","targetHints":{"allow":["GET"]}}],"collection":[{"href":"https:\/\/aramiso-test.verteco.app\/index.php?rest_route=\/wp\/v2\/product"}],"about":[{"href":"https:\/\/aramiso-test.verteco.app\/index.php?rest_route=\/wp\/v2\/types\/product"}],"replies":[{"embeddable":true,"href":"https:\/\/aramiso-test.verteco.app\/index.php?rest_route=%2Fwp%2Fv2%2Fcomments&post=13812"}],"wp:attachment":[{"href":"https:\/\/aramiso-test.verteco.app\/index.php?rest_route=%2Fwp%2Fv2%2Fmedia&parent=13812"}],"wp:term":[{"taxonomy":"product_brand","embeddable":true,"href":"https:\/\/aramiso-test.verteco.app\/index.php?rest_route=%2Fwp%2Fv2%2Fproduct_brand&post=13812"},{"taxonomy":"product_cat","embeddable":true,"href":"https:\/\/aramiso-test.verteco.app\/index.php?rest_route=%2Fwp%2Fv2%2Fproduct_cat&post=13812"},{"taxonomy":"product_tag","embeddable":true,"href":"https:\/\/aramiso-test.verteco.app\/index.php?rest_route=%2Fwp%2Fv2%2Fproduct_tag&post=13812"}],"curies":[{"name":"wp","href":"https:\/\/api.w.org\/{rel}","templated":true}]}}