{"id":13803,"date":"2025-08-03T13:32:12","date_gmt":"2025-08-03T13:32:12","guid":{"rendered":"https:\/\/aramiso-test.verteco.app\/?product=matica-stvorhranna-nerezova"},"modified":"2025-08-03T13:32:15","modified_gmt":"2025-08-03T13:32:15","slug":"matica-stvorhranna-nerezova","status":"publish","type":"product","link":"https:\/\/aramiso-test.verteco.app\/?product=matica-stvorhranna-nerezova","title":{"rendered":"Matica \u0161tvorhrann\u00e1, nerezov\u00e1"},"content":{"rendered":"<p>DIN 562 \u0161pecifikuje rozmery a technick\u00e9 po\u017eiadavky na \u0161tvorcov\u00e9 matice.<br \/>\nCelkovo \u0161tvorcov\u00e9 matice DIN 562 pon\u00fakaj\u00fa v\u0161estrann\u00e9 upev\u0148ovacie rie\u0161enie pre \u0161irok\u00fa \u0161k\u00e1lu aplik\u00e1ci\u00ed v r\u00f4znych odvetviach a projektoch pre dom\u00e1cich majstrov.<br \/>\nIch \u0161tvorcov\u00fd tvar poskytuje \u010fal\u0161ie uchopovacie plochy v porovnan\u00ed s tradi\u010dn\u00fdmi \u0161es\u0165hrann\u00fdmi maticami, v\u010faka \u010domu s\u00fa vhodn\u00e9 pre \u0161pecifick\u00e9 aplik\u00e1cie, kde je preferovan\u00fd \u0161tvorcov\u00fd profil.<\/p>\n","protected":false},"excerpt":{"rendered":"<p>Materi\u00e1l: Nerez AISI 316, Povrchov\u00e1 \u00faprava: Natural<\/p>\n","protected":false},"featured_media":0,"comment_status":"closed","ping_status":"open","template":"","meta":[],"product_brand":[],"product_cat":[15],"product_tag":[],"class_list":{"0":"post-13803","1":"product","2":"type-product","3":"status-publish","5":"product_cat-uncategorized","7":"first","8":"onbackorder","9":"sale","10":"purchasable","11":"product-type-simple"},"_links":{"self":[{"href":"https:\/\/aramiso-test.verteco.app\/index.php?rest_route=\/wp\/v2\/product\/13803","targetHints":{"allow":["GET"]}}],"collection":[{"href":"https:\/\/aramiso-test.verteco.app\/index.php?rest_route=\/wp\/v2\/product"}],"about":[{"href":"https:\/\/aramiso-test.verteco.app\/index.php?rest_route=\/wp\/v2\/types\/product"}],"replies":[{"embeddable":true,"href":"https:\/\/aramiso-test.verteco.app\/index.php?rest_route=%2Fwp%2Fv2%2Fcomments&post=13803"}],"wp:attachment":[{"href":"https:\/\/aramiso-test.verteco.app\/index.php?rest_route=%2Fwp%2Fv2%2Fmedia&parent=13803"}],"wp:term":[{"taxonomy":"product_brand","embeddable":true,"href":"https:\/\/aramiso-test.verteco.app\/index.php?rest_route=%2Fwp%2Fv2%2Fproduct_brand&post=13803"},{"taxonomy":"product_cat","embeddable":true,"href":"https:\/\/aramiso-test.verteco.app\/index.php?rest_route=%2Fwp%2Fv2%2Fproduct_cat&post=13803"},{"taxonomy":"product_tag","embeddable":true,"href":"https:\/\/aramiso-test.verteco.app\/index.php?rest_route=%2Fwp%2Fv2%2Fproduct_tag&post=13803"}],"curies":[{"name":"wp","href":"https:\/\/api.w.org\/{rel}","templated":true}]}}