{"id":13800,"date":"2025-08-03T13:32:12","date_gmt":"2025-08-03T13:32:12","guid":{"rendered":"https:\/\/aramiso-test.verteco.app\/?product=matica-sesthranna-uzavreta-nerezova"},"modified":"2025-08-03T13:32:14","modified_gmt":"2025-08-03T13:32:14","slug":"matica-sesthranna-uzavreta-nerezova","status":"publish","type":"product","link":"https:\/\/aramiso-test.verteco.app\/?product=matica-sesthranna-uzavreta-nerezova","title":{"rendered":"Matica \u0161es\u0165hrann\u00e1 uzavret\u00e1, nerezov\u00e1"},"content":{"rendered":"<p>\u0160es\u0165hrann\u00e9 matice DIN 917 s\u00fa vhodn\u00e9 pre r\u00f4zne aplik\u00e1cie, kde je po\u017eadovan\u00e1 kombin\u00e1cia funk\u010dnosti a estetiky.<br \/>\nPon\u00fakaj\u00fa bezpe\u010dn\u00e9 rie\u0161enie upevnenia a z\u00e1rove\u0148 poskytuj\u00fa elegantn\u00fd a dokon\u010den\u00fd vzh\u013ead.<\/p>\n","protected":false},"excerpt":{"rendered":"<p>Materi\u00e1l: Nerez AISI 304, Povrchov\u00e1 \u00faprava: Natural, t: 10, M: 8<\/p>\n","protected":false},"featured_media":0,"comment_status":"closed","ping_status":"open","template":"","meta":[],"product_brand":[],"product_cat":[15],"product_tag":[],"class_list":{"0":"post-13800","1":"product","2":"type-product","3":"status-publish","5":"product_cat-uncategorized","7":"first","8":"onbackorder","9":"sale","10":"purchasable","11":"product-type-simple"},"_links":{"self":[{"href":"https:\/\/aramiso-test.verteco.app\/index.php?rest_route=\/wp\/v2\/product\/13800","targetHints":{"allow":["GET"]}}],"collection":[{"href":"https:\/\/aramiso-test.verteco.app\/index.php?rest_route=\/wp\/v2\/product"}],"about":[{"href":"https:\/\/aramiso-test.verteco.app\/index.php?rest_route=\/wp\/v2\/types\/product"}],"replies":[{"embeddable":true,"href":"https:\/\/aramiso-test.verteco.app\/index.php?rest_route=%2Fwp%2Fv2%2Fcomments&post=13800"}],"wp:attachment":[{"href":"https:\/\/aramiso-test.verteco.app\/index.php?rest_route=%2Fwp%2Fv2%2Fmedia&parent=13800"}],"wp:term":[{"taxonomy":"product_brand","embeddable":true,"href":"https:\/\/aramiso-test.verteco.app\/index.php?rest_route=%2Fwp%2Fv2%2Fproduct_brand&post=13800"},{"taxonomy":"product_cat","embeddable":true,"href":"https:\/\/aramiso-test.verteco.app\/index.php?rest_route=%2Fwp%2Fv2%2Fproduct_cat&post=13800"},{"taxonomy":"product_tag","embeddable":true,"href":"https:\/\/aramiso-test.verteco.app\/index.php?rest_route=%2Fwp%2Fv2%2Fproduct_tag&post=13800"}],"curies":[{"name":"wp","href":"https:\/\/api.w.org\/{rel}","templated":true}]}}