{"id":13796,"date":"2025-08-03T13:32:12","date_gmt":"2025-08-03T13:32:12","guid":{"rendered":"https:\/\/aramiso-test.verteco.app\/?product=matica-klobukova-pozinkovana-m6"},"modified":"2025-08-03T13:32:12","modified_gmt":"2025-08-03T13:32:12","slug":"matica-klobukova-pozinkovana-m6","status":"publish","type":"product","link":"https:\/\/aramiso-test.verteco.app\/?product=matica-klobukova-pozinkovana-m6","title":{"rendered":"Matica klob\u00fakov\u00e1, pozinkovan\u00e1, M6"},"content":{"rendered":"<p>Klob\u00fakov\u00e9 matice DIN 1587 s\u00fa v\u0161estrann\u00e9 spojovacie prvky pou\u017e\u00edvan\u00e9 v r\u00f4znych aplik\u00e1ci\u00e1ch, kde je d\u00f4le\u017eit\u00e1 funk\u010dnos\u0165 aj estetika, ako napr\u00edklad pri mont\u00e1\u017ei nerezov\u00fdch z\u00e1bradl\u00ed.<br \/>\nIch klenut\u00fd dizajn pon\u00faka bezpe\u010dnos\u0165 t\u00fdm, \u017ee zakr\u00fdva ostr\u00e9 konce skrutiek, poskytuje kone\u010dn\u00fd vzh\u013ead a chr\u00e1ni z\u00e1vity pred po\u0161koden\u00edm vplyvom prostredia.<\/p>\n","protected":false},"excerpt":{"rendered":"<p>Materi\u00e1l: Oce\u013e, Povrchov\u00e1 \u00faprava: Zinok, t: 12, M: 6<\/p>\n","protected":false},"featured_media":0,"comment_status":"closed","ping_status":"open","template":"","meta":[],"product_brand":[],"product_cat":[15],"product_tag":[],"class_list":{"0":"post-13796","1":"product","2":"type-product","3":"status-publish","5":"product_cat-uncategorized","7":"first","8":"onbackorder","9":"sale","10":"purchasable","11":"product-type-simple"},"_links":{"self":[{"href":"https:\/\/aramiso-test.verteco.app\/index.php?rest_route=\/wp\/v2\/product\/13796","targetHints":{"allow":["GET"]}}],"collection":[{"href":"https:\/\/aramiso-test.verteco.app\/index.php?rest_route=\/wp\/v2\/product"}],"about":[{"href":"https:\/\/aramiso-test.verteco.app\/index.php?rest_route=\/wp\/v2\/types\/product"}],"replies":[{"embeddable":true,"href":"https:\/\/aramiso-test.verteco.app\/index.php?rest_route=%2Fwp%2Fv2%2Fcomments&post=13796"}],"wp:attachment":[{"href":"https:\/\/aramiso-test.verteco.app\/index.php?rest_route=%2Fwp%2Fv2%2Fmedia&parent=13796"}],"wp:term":[{"taxonomy":"product_brand","embeddable":true,"href":"https:\/\/aramiso-test.verteco.app\/index.php?rest_route=%2Fwp%2Fv2%2Fproduct_brand&post=13796"},{"taxonomy":"product_cat","embeddable":true,"href":"https:\/\/aramiso-test.verteco.app\/index.php?rest_route=%2Fwp%2Fv2%2Fproduct_cat&post=13796"},{"taxonomy":"product_tag","embeddable":true,"href":"https:\/\/aramiso-test.verteco.app\/index.php?rest_route=%2Fwp%2Fv2%2Fproduct_tag&post=13796"}],"curies":[{"name":"wp","href":"https:\/\/api.w.org\/{rel}","templated":true}]}}