{"id":13788,"date":"2025-08-03T13:32:02","date_gmt":"2025-08-03T13:32:02","guid":{"rendered":"https:\/\/aramiso-test.verteco.app\/?product=matica-sesthranna-standardna-pozinkovana-m10"},"modified":"2025-08-03T13:32:08","modified_gmt":"2025-08-03T13:32:08","slug":"matica-sesthranna-standardna-pozinkovana-m10","status":"publish","type":"product","link":"https:\/\/aramiso-test.verteco.app\/?product=matica-sesthranna-standardna-pozinkovana-m10","title":{"rendered":"Matica \u0161es\u0165hrann\u00e1 \u0161tandardn\u00e1, pozinkovan\u00e1, M10"},"content":{"rendered":"<p>DIN 934 \u0161pecifikuje rozmery a technick\u00e9 po\u017eiadavky na \u0161es\u0165hrann\u00e9 matice so \u0161tandardn\u00fdmi rozmermi.<br \/>\nTieto matice s\u00fa jedn\u00fdm z naj\u010dastej\u0161ie pou\u017e\u00edvan\u00fdch druhov mat\u00edc a maj\u00fa \u0161irok\u00e9 uplatnenie v r\u00f4znych priemyseln\u00fdch odvetviach.<br \/>\nIch \u0161tandardizovan\u00e9 rozmery a spo\u013eahliv\u00fd v\u00fdkon z nich robia nenahradite\u013en\u00e9 komponenty v r\u00f4znych mechanick\u00fdch a kon\u0161truk\u010dn\u00fdch syst\u00e9moch.<\/p>\n","protected":false},"excerpt":{"rendered":"<p>Materi\u00e1l: Oce\u013e, Povrchov\u00e1 \u00faprava: Zinok, L: 8, M: 10<\/p>\n","protected":false},"featured_media":0,"comment_status":"closed","ping_status":"open","template":"","meta":[],"product_brand":[],"product_cat":[15],"product_tag":[],"class_list":{"0":"post-13788","1":"product","2":"type-product","3":"status-publish","5":"product_cat-uncategorized","7":"first","8":"onbackorder","9":"sale","10":"purchasable","11":"product-type-simple"},"_links":{"self":[{"href":"https:\/\/aramiso-test.verteco.app\/index.php?rest_route=\/wp\/v2\/product\/13788","targetHints":{"allow":["GET"]}}],"collection":[{"href":"https:\/\/aramiso-test.verteco.app\/index.php?rest_route=\/wp\/v2\/product"}],"about":[{"href":"https:\/\/aramiso-test.verteco.app\/index.php?rest_route=\/wp\/v2\/types\/product"}],"replies":[{"embeddable":true,"href":"https:\/\/aramiso-test.verteco.app\/index.php?rest_route=%2Fwp%2Fv2%2Fcomments&post=13788"}],"wp:attachment":[{"href":"https:\/\/aramiso-test.verteco.app\/index.php?rest_route=%2Fwp%2Fv2%2Fmedia&parent=13788"}],"wp:term":[{"taxonomy":"product_brand","embeddable":true,"href":"https:\/\/aramiso-test.verteco.app\/index.php?rest_route=%2Fwp%2Fv2%2Fproduct_brand&post=13788"},{"taxonomy":"product_cat","embeddable":true,"href":"https:\/\/aramiso-test.verteco.app\/index.php?rest_route=%2Fwp%2Fv2%2Fproduct_cat&post=13788"},{"taxonomy":"product_tag","embeddable":true,"href":"https:\/\/aramiso-test.verteco.app\/index.php?rest_route=%2Fwp%2Fv2%2Fproduct_tag&post=13788"}],"curies":[{"name":"wp","href":"https:\/\/api.w.org\/{rel}","templated":true}]}}