{"id":13781,"date":"2025-10-26T12:54:59","date_gmt":"2025-10-26T12:54:59","guid":{"rendered":"https:\/\/aramiso-test.verteco.app\/?product=matica-sesthranna-nizka-nerezova-2"},"modified":"2025-10-26T12:55:01","modified_gmt":"2025-10-26T12:55:01","slug":"matica-sesthranna-nizka-nerezova-2","status":"publish","type":"product","link":"https:\/\/aramiso-test.verteco.app\/?product=matica-sesthranna-nizka-nerezova-2","title":{"rendered":"Matica \u0161es\u0165hrann\u00e1 n\u00edzka, nerezov\u00e1"},"content":{"rendered":"<p>Matice n\u00edzke DIN 439B s\u00fa navrhnut\u00e9 tak, aby boli ten\u0161ie ako \u0161tandardn\u00e9 \u0161es\u0165hrann\u00e9 matice, v\u010faka \u010domu s\u00fa vhodn\u00e9 pre aplik\u00e1cie, kde je obmedzen\u00fd priestor alebo kde sa po\u017eaduje ni\u017e\u0161\u00ed profil.<\/p>\n","protected":false},"excerpt":{"rendered":"<p>Materi\u00e1l: Nerez AISI 316, Povrchov\u00e1 \u00faprava: Natural, t: 4, M: 8<\/p>\n","protected":false},"featured_media":0,"comment_status":"closed","ping_status":"open","template":"","meta":[],"product_brand":[],"product_cat":[15],"product_tag":[],"class_list":{"0":"post-13781","1":"product","2":"type-product","3":"status-publish","5":"product_cat-uncategorized","7":"first","8":"onbackorder","9":"sale","10":"purchasable","11":"product-type-simple"},"_links":{"self":[{"href":"https:\/\/aramiso-test.verteco.app\/index.php?rest_route=\/wp\/v2\/product\/13781","targetHints":{"allow":["GET"]}}],"collection":[{"href":"https:\/\/aramiso-test.verteco.app\/index.php?rest_route=\/wp\/v2\/product"}],"about":[{"href":"https:\/\/aramiso-test.verteco.app\/index.php?rest_route=\/wp\/v2\/types\/product"}],"replies":[{"embeddable":true,"href":"https:\/\/aramiso-test.verteco.app\/index.php?rest_route=%2Fwp%2Fv2%2Fcomments&post=13781"}],"wp:attachment":[{"href":"https:\/\/aramiso-test.verteco.app\/index.php?rest_route=%2Fwp%2Fv2%2Fmedia&parent=13781"}],"wp:term":[{"taxonomy":"product_brand","embeddable":true,"href":"https:\/\/aramiso-test.verteco.app\/index.php?rest_route=%2Fwp%2Fv2%2Fproduct_brand&post=13781"},{"taxonomy":"product_cat","embeddable":true,"href":"https:\/\/aramiso-test.verteco.app\/index.php?rest_route=%2Fwp%2Fv2%2Fproduct_cat&post=13781"},{"taxonomy":"product_tag","embeddable":true,"href":"https:\/\/aramiso-test.verteco.app\/index.php?rest_route=%2Fwp%2Fv2%2Fproduct_tag&post=13781"}],"curies":[{"name":"wp","href":"https:\/\/api.w.org\/{rel}","templated":true}]}}