{"id":13769,"date":"2025-08-03T13:30:58","date_gmt":"2025-08-03T13:30:58","guid":{"rendered":"https:\/\/aramiso-test.verteco.app\/?product=skrutka-s-valcovou-hlavou-s-vnutornym-sesthranom-pozinkovana-m12x60"},"modified":"2025-08-03T13:31:04","modified_gmt":"2025-08-03T13:31:04","slug":"skrutka-s-valcovou-hlavou-s-vnutornym-sesthranom-pozinkovana-m12x60","status":"publish","type":"product","link":"https:\/\/aramiso-test.verteco.app\/?product=skrutka-s-valcovou-hlavou-s-vnutornym-sesthranom-pozinkovana-m12x60","title":{"rendered":"Skrutka s valcovou hlavou s vn\u00fatorn\u00fdm \u0161es\u0165hranom, pozinkovan\u00e1, M12x60"},"content":{"rendered":"<p>DIN 912 je \u0161tandard pre metrick\u00e9 skrutky s vn\u00fatorn\u00fdm \u0161es\u0165hranom. Tieto skrutky sa be\u017ene pou\u017e\u00edvaj\u00fa v r\u00f4znych aplik\u00e1ci\u00e1ch, kde sa vy\u017eaduje siln\u00e9 a spo\u013eahliv\u00e9 rie\u0161enie upevnenia.<\/p>\n","protected":false},"excerpt":{"rendered":"<p>Materi\u00e1l: Oce\u013e, Povrchov\u00e1 \u00faprava: Zinok, L: 60, M: 12, k: 12<\/p>\n","protected":false},"featured_media":0,"comment_status":"closed","ping_status":"open","template":"","meta":[],"product_brand":[],"product_cat":[15],"product_tag":[],"class_list":{"0":"post-13769","1":"product","2":"type-product","3":"status-publish","5":"product_cat-uncategorized","7":"first","8":"onbackorder","9":"sale","10":"purchasable","11":"product-type-simple"},"_links":{"self":[{"href":"https:\/\/aramiso-test.verteco.app\/index.php?rest_route=\/wp\/v2\/product\/13769","targetHints":{"allow":["GET"]}}],"collection":[{"href":"https:\/\/aramiso-test.verteco.app\/index.php?rest_route=\/wp\/v2\/product"}],"about":[{"href":"https:\/\/aramiso-test.verteco.app\/index.php?rest_route=\/wp\/v2\/types\/product"}],"replies":[{"embeddable":true,"href":"https:\/\/aramiso-test.verteco.app\/index.php?rest_route=%2Fwp%2Fv2%2Fcomments&post=13769"}],"wp:attachment":[{"href":"https:\/\/aramiso-test.verteco.app\/index.php?rest_route=%2Fwp%2Fv2%2Fmedia&parent=13769"}],"wp:term":[{"taxonomy":"product_brand","embeddable":true,"href":"https:\/\/aramiso-test.verteco.app\/index.php?rest_route=%2Fwp%2Fv2%2Fproduct_brand&post=13769"},{"taxonomy":"product_cat","embeddable":true,"href":"https:\/\/aramiso-test.verteco.app\/index.php?rest_route=%2Fwp%2Fv2%2Fproduct_cat&post=13769"},{"taxonomy":"product_tag","embeddable":true,"href":"https:\/\/aramiso-test.verteco.app\/index.php?rest_route=%2Fwp%2Fv2%2Fproduct_tag&post=13769"}],"curies":[{"name":"wp","href":"https:\/\/api.w.org\/{rel}","templated":true}]}}