{"id":13736,"date":"2025-08-03T13:30:49","date_gmt":"2025-08-03T13:30:49","guid":{"rendered":"https:\/\/aramiso-test.verteco.app\/?product=skrutka-do-dreva-s-polgulatou-hlavou-nerezova-3"},"modified":"2025-08-03T13:30:49","modified_gmt":"2025-08-03T13:30:49","slug":"skrutka-do-dreva-s-polgulatou-hlavou-nerezova-3","status":"publish","type":"product","link":"https:\/\/aramiso-test.verteco.app\/?product=skrutka-do-dreva-s-polgulatou-hlavou-nerezova-3","title":{"rendered":"Skrutka do dreva s polgu\u013eatou hlavou, nerezov\u00e1"},"content":{"rendered":"<p>Skrutky do drevotriesky s polgu\u013eatou hlavou sa pou\u017e\u00edvaj\u00fa najm\u00e4 v drevostavb\u00e1ch na nekon\u0161truk\u010dn\u00e9 spoje.<br \/>\nSkrutky s pln\u00fdm z\u00e1vitom na upevnenie kovania a p\u00e1ntov.<br \/>\nAby sa predi\u0161lo probl\u00e9mom pri pou\u017e\u00edvan\u00ed, odpor\u00fa\u010da sa vhodne predv\u0155ta\u0165.<\/p>\n","protected":false},"excerpt":{"rendered":"<p>Materi\u00e1l: Nerez AISI 304, Povrchov\u00e1 \u00faprava: Natural, L: 45, M: 6<\/p>\n","protected":false},"featured_media":0,"comment_status":"closed","ping_status":"open","template":"","meta":[],"product_brand":[],"product_cat":[15],"product_tag":[],"class_list":{"0":"post-13736","1":"product","2":"type-product","3":"status-publish","5":"product_cat-uncategorized","7":"first","8":"onbackorder","9":"sale","10":"purchasable","11":"product-type-simple"},"_links":{"self":[{"href":"https:\/\/aramiso-test.verteco.app\/index.php?rest_route=\/wp\/v2\/product\/13736","targetHints":{"allow":["GET"]}}],"collection":[{"href":"https:\/\/aramiso-test.verteco.app\/index.php?rest_route=\/wp\/v2\/product"}],"about":[{"href":"https:\/\/aramiso-test.verteco.app\/index.php?rest_route=\/wp\/v2\/types\/product"}],"replies":[{"embeddable":true,"href":"https:\/\/aramiso-test.verteco.app\/index.php?rest_route=%2Fwp%2Fv2%2Fcomments&post=13736"}],"wp:attachment":[{"href":"https:\/\/aramiso-test.verteco.app\/index.php?rest_route=%2Fwp%2Fv2%2Fmedia&parent=13736"}],"wp:term":[{"taxonomy":"product_brand","embeddable":true,"href":"https:\/\/aramiso-test.verteco.app\/index.php?rest_route=%2Fwp%2Fv2%2Fproduct_brand&post=13736"},{"taxonomy":"product_cat","embeddable":true,"href":"https:\/\/aramiso-test.verteco.app\/index.php?rest_route=%2Fwp%2Fv2%2Fproduct_cat&post=13736"},{"taxonomy":"product_tag","embeddable":true,"href":"https:\/\/aramiso-test.verteco.app\/index.php?rest_route=%2Fwp%2Fv2%2Fproduct_tag&post=13736"}],"curies":[{"name":"wp","href":"https:\/\/api.w.org\/{rel}","templated":true}]}}