{"id":13730,"date":"2025-08-03T13:30:40","date_gmt":"2025-08-03T13:30:40","guid":{"rendered":"https:\/\/aramiso-test.verteco.app\/?product=skrutka-s-polgulatou-hlavou-s-vnutor-sesthranom-aisi304-m12x20"},"modified":"2025-08-03T13:30:46","modified_gmt":"2025-08-03T13:30:46","slug":"skrutka-s-polgulatou-hlavou-s-vnutor-sesthranom-aisi304-m12x20","status":"publish","type":"product","link":"https:\/\/aramiso-test.verteco.app\/?product=skrutka-s-polgulatou-hlavou-s-vnutor-sesthranom-aisi304-m12x20","title":{"rendered":"Skrutka s polgu\u013eatou hlavou s vn\u00fator.\u0161es\u0165hranom, AISI304, M12x20"},"content":{"rendered":"<p>DIN 7380 sa vz\u0165ahuje na \u0161pecifick\u00fa normu pre skrutky s polgu\u013eatou hlavou.<br \/>\nPou\u017e\u00edvaj\u00fa sa hlavne ako okrasn\u00e9 skrutky tam, kde je potrebn\u00e9 aby vy\u010dnievaj\u00faca hlava skrutky nemala z bezpe\u010dnostn\u00e9ho h\u013eadiska ostr\u00e9 hrany.<br \/>\nS\u00fa taktie\u017e vhodn\u00e9 pre \u0161irok\u00fa \u0161k\u00e1lu priemyseln\u00fdch odvetv\u00ed a aplik\u00e1ci\u00ed, taktie\u017e v elektronike, kon\u0161trukciach \u010di v n\u00e1bytku.<\/p>\n","protected":false},"excerpt":{"rendered":"<p>Materi\u00e1l: Nerez AISI 304, Povrchov\u00e1 \u00faprava: Natural<\/p>\n","protected":false},"featured_media":0,"comment_status":"closed","ping_status":"open","template":"","meta":[],"product_brand":[],"product_cat":[15],"product_tag":[],"class_list":{"0":"post-13730","1":"product","2":"type-product","3":"status-publish","5":"product_cat-uncategorized","7":"first","8":"onbackorder","9":"sale","10":"purchasable","11":"product-type-simple"},"_links":{"self":[{"href":"https:\/\/aramiso-test.verteco.app\/index.php?rest_route=\/wp\/v2\/product\/13730","targetHints":{"allow":["GET"]}}],"collection":[{"href":"https:\/\/aramiso-test.verteco.app\/index.php?rest_route=\/wp\/v2\/product"}],"about":[{"href":"https:\/\/aramiso-test.verteco.app\/index.php?rest_route=\/wp\/v2\/types\/product"}],"replies":[{"embeddable":true,"href":"https:\/\/aramiso-test.verteco.app\/index.php?rest_route=%2Fwp%2Fv2%2Fcomments&post=13730"}],"wp:attachment":[{"href":"https:\/\/aramiso-test.verteco.app\/index.php?rest_route=%2Fwp%2Fv2%2Fmedia&parent=13730"}],"wp:term":[{"taxonomy":"product_brand","embeddable":true,"href":"https:\/\/aramiso-test.verteco.app\/index.php?rest_route=%2Fwp%2Fv2%2Fproduct_brand&post=13730"},{"taxonomy":"product_cat","embeddable":true,"href":"https:\/\/aramiso-test.verteco.app\/index.php?rest_route=%2Fwp%2Fv2%2Fproduct_cat&post=13730"},{"taxonomy":"product_tag","embeddable":true,"href":"https:\/\/aramiso-test.verteco.app\/index.php?rest_route=%2Fwp%2Fv2%2Fproduct_tag&post=13730"}],"curies":[{"name":"wp","href":"https:\/\/api.w.org\/{rel}","templated":true}]}}