{"id":13690,"date":"2025-08-31T11:12:18","date_gmt":"2025-08-31T11:12:18","guid":{"rendered":"https:\/\/aramiso-test.verteco.app\/?product=skrutka-do-dreva-so-zapustnou-hlavou-nerezova-aisi304-5x45"},"modified":"2025-08-31T11:12:19","modified_gmt":"2025-08-31T11:12:19","slug":"skrutka-do-dreva-so-zapustnou-hlavou-nerezova-aisi304-5x45","status":"publish","type":"product","link":"https:\/\/aramiso-test.verteco.app\/?product=skrutka-do-dreva-so-zapustnou-hlavou-nerezova-aisi304-5x45","title":{"rendered":"Skrutka do dreva so z\u00e1pustnou hlavou, nerezov\u00e1, AISI304, 5&#215;45"},"content":{"rendered":"<p>DIN 7505A sa vz\u0165ahuje na normu skrutiek do dreva alebo drevotriesky a be\u017ene sa pou\u017e\u00edvaj\u00fa v r\u00f4znych drevospracuj\u00facich a stavebn\u00fdch aplik\u00e1ci\u00e1ch.<br \/>\nMaj\u00fa ostr\u00fd, hlbok\u00fd z\u00e1vit, ktor\u00fd sa zarez\u00e1va do dreva, v\u010faka \u010domu s\u00fa ide\u00e1lne na sp\u00e1janie bez predv\u0155tania.<\/p>\n","protected":false},"excerpt":{"rendered":"<p>Materi\u00e1l: Nerez AISI 304, Povrchov\u00e1 \u00faprava: Natural, L: 45, M: 5<\/p>\n","protected":false},"featured_media":0,"comment_status":"closed","ping_status":"open","template":"","meta":[],"product_brand":[],"product_cat":[15],"product_tag":[],"class_list":{"0":"post-13690","1":"product","2":"type-product","3":"status-publish","5":"product_cat-uncategorized","7":"first","8":"onbackorder","9":"sale","10":"purchasable","11":"product-type-simple"},"_links":{"self":[{"href":"https:\/\/aramiso-test.verteco.app\/index.php?rest_route=\/wp\/v2\/product\/13690","targetHints":{"allow":["GET"]}}],"collection":[{"href":"https:\/\/aramiso-test.verteco.app\/index.php?rest_route=\/wp\/v2\/product"}],"about":[{"href":"https:\/\/aramiso-test.verteco.app\/index.php?rest_route=\/wp\/v2\/types\/product"}],"replies":[{"embeddable":true,"href":"https:\/\/aramiso-test.verteco.app\/index.php?rest_route=%2Fwp%2Fv2%2Fcomments&post=13690"}],"wp:attachment":[{"href":"https:\/\/aramiso-test.verteco.app\/index.php?rest_route=%2Fwp%2Fv2%2Fmedia&parent=13690"}],"wp:term":[{"taxonomy":"product_brand","embeddable":true,"href":"https:\/\/aramiso-test.verteco.app\/index.php?rest_route=%2Fwp%2Fv2%2Fproduct_brand&post=13690"},{"taxonomy":"product_cat","embeddable":true,"href":"https:\/\/aramiso-test.verteco.app\/index.php?rest_route=%2Fwp%2Fv2%2Fproduct_cat&post=13690"},{"taxonomy":"product_tag","embeddable":true,"href":"https:\/\/aramiso-test.verteco.app\/index.php?rest_route=%2Fwp%2Fv2%2Fproduct_tag&post=13690"}],"curies":[{"name":"wp","href":"https:\/\/api.w.org\/{rel}","templated":true}]}}