{"id":13648,"date":"2025-08-03T13:28:53","date_gmt":"2025-08-03T13:28:53","guid":{"rendered":"https:\/\/aramiso-test.verteco.app\/?product=hlinikova-redukcia-zo-40-na-20mm-vypln-6000mm-neutral"},"modified":"2025-08-03T13:28:59","modified_gmt":"2025-08-03T13:28:59","slug":"hlinikova-redukcia-zo-40-na-20mm-vypln-6000mm-neutral","status":"publish","type":"product","link":"https:\/\/aramiso-test.verteco.app\/?product=hlinikova-redukcia-zo-40-na-20mm-vypln-6000mm-neutral","title":{"rendered":"Hlin\u00edkov\u00e1 redukcia zo 40 na 20mm v\u00fdpl\u0148 &#8211; 6000mm neutral"},"content":{"rendered":"","protected":false},"excerpt":{"rendered":"<p>Povrchov\u00e1 \u00faprava: Natural<\/p>\n","protected":false},"featured_media":0,"comment_status":"closed","ping_status":"open","template":"","meta":[],"product_brand":[],"product_cat":[15],"product_tag":[],"class_list":{"0":"post-13648","1":"product","2":"type-product","3":"status-publish","5":"product_cat-uncategorized","7":"first","8":"onbackorder","9":"purchasable","10":"product-type-simple"},"_links":{"self":[{"href":"https:\/\/aramiso-test.verteco.app\/index.php?rest_route=\/wp\/v2\/product\/13648","targetHints":{"allow":["GET"]}}],"collection":[{"href":"https:\/\/aramiso-test.verteco.app\/index.php?rest_route=\/wp\/v2\/product"}],"about":[{"href":"https:\/\/aramiso-test.verteco.app\/index.php?rest_route=\/wp\/v2\/types\/product"}],"replies":[{"embeddable":true,"href":"https:\/\/aramiso-test.verteco.app\/index.php?rest_route=%2Fwp%2Fv2%2Fcomments&post=13648"}],"wp:attachment":[{"href":"https:\/\/aramiso-test.verteco.app\/index.php?rest_route=%2Fwp%2Fv2%2Fmedia&parent=13648"}],"wp:term":[{"taxonomy":"product_brand","embeddable":true,"href":"https:\/\/aramiso-test.verteco.app\/index.php?rest_route=%2Fwp%2Fv2%2Fproduct_brand&post=13648"},{"taxonomy":"product_cat","embeddable":true,"href":"https:\/\/aramiso-test.verteco.app\/index.php?rest_route=%2Fwp%2Fv2%2Fproduct_cat&post=13648"},{"taxonomy":"product_tag","embeddable":true,"href":"https:\/\/aramiso-test.verteco.app\/index.php?rest_route=%2Fwp%2Fv2%2Fproduct_tag&post=13648"}],"curies":[{"name":"wp","href":"https:\/\/api.w.org\/{rel}","templated":true}]}}